{"id":102958,"date":"2024-10-17T06:47:28","date_gmt":"2024-10-17T06:47:28","guid":{"rendered":"https:\/\/secretofsamui.com\/product\/savon-lavande-francaise\/"},"modified":"2026-01-26T09:43:59","modified_gmt":"2026-01-26T02:43:59","slug":"savon-lavande-francaise","status":"publish","type":"product","link":"https:\/\/secretofsamui.com\/fr\/produit\/savon-lavande-francaise\/","title":{"rendered":"Savon Lavande fran\u00e7aise"},"content":{"rendered":"<p>D\u00e9couvrez l&rsquo;huile essentielle classique de lavande pure, con\u00e7ue pour nettoyer votre peau en douceur. Gr\u00e2ce aux bienfaits naturels de la lavande, ce savon aide \u00e0 d\u00e9tendre et \u00e0 raffermir votre peau, laissant sur votre visage et votre corps une sensation de douceur, de puret\u00e9 et de fra\u00eecheur \u00e0 chaque utilisation.<br \/>\nPrincipales caract\u00e9ristiques du savon \u00e0 la lavande fran\u00e7aise<br \/>\n\ud83d\udc9c Parfum classique de lavande : L&rsquo;ar\u00f4me d\u00e9licat et apaisant de la lavande pure favorise la relaxation et le calme<br \/>\n\ud83d\udc9c Nettoyage en douceur : Nettoie en profondeur sans irriter, convient \u00e0 tous les types de peau<br \/>\n\ud83d\udc9c Propri\u00e9t\u00e9s raffermissantes pour la peau : Les extraits de lavande aident \u00e0 lisser et \u00e0 raffermir la peau, mettant en valeur sa beaut\u00e9 naturelle<br \/>\n\ud83d\udc9c Pour le visage et le corps : Id\u00e9al pour un usage quotidien, laissant votre peau propre, rafra\u00eechie et saine Laissez le parfum apaisant de la lavande cr\u00e9er un sentiment de relaxation, tout en r\u00e9v\u00e9lant une peau propre, pure et lisse avec le savon \u00e0 la lavande fran\u00e7aise.<\/p>\n","protected":false},"excerpt":{"rendered":"<p>SAVON FAIT MAIN LAVANDE FRAN\u00c7AISE<br \/>\nSavon \u00e0 la lavande fran\u00e7aise<\/p>\n","protected":false},"featured_media":104292,"template":"","meta":{"_acf_changed":false,"_et_pb_use_builder":"","_et_pb_old_content":"","_et_gb_content_width":""},"product_brand":[],"product_cat":[429,423,422],"product_tag":[464],"class_list":{"0":"post-102958","1":"product","2":"type-product","3":"status-publish","4":"has-post-thumbnail","6":"product_cat-savon","7":"product_cat-soin-du-corps","8":"product_cat-soins-de-beaute","9":"product_tag-pas-de-fda","11":"first","12":"instock","13":"taxable","14":"shipping-taxable","15":"purchasable","16":"product-type-simple"},"acf":[],"yoast_head":"<!-- This site is optimized with the Yoast SEO plugin v27.2 - https:\/\/yoast.com\/product\/yoast-seo-wordpress\/ -->\n<title>Savon Lavande fran\u00e7aise - Secret of Samui - Natural and Homemade cosmestic<\/title>\n<meta name=\"description\" content=\"D\u00e9couvrez l&#039;huile essentielle classique de lavande pure, con\u00e7ue pour nettoyer votre peau en douceur. Avec les bienfaits naturels de la lavande.\" \/>\n<meta name=\"robots\" content=\"index, follow, max-snippet:-1, max-image-preview:large, max-video-preview:-1\" \/>\n<link rel=\"canonical\" href=\"https:\/\/secretofsamui.com\/fr\/produit\/savon-lavande-francaise\/\" \/>\n<meta property=\"og:locale\" content=\"fr_FR\" \/>\n<meta property=\"og:type\" content=\"article\" \/>\n<meta property=\"og:title\" content=\"Savon Lavande fran\u00e7aise - Secret of Samui - Natural and Homemade cosmestic\" \/>\n<meta property=\"og:description\" content=\"D\u00e9couvrez l&#039;huile essentielle classique de lavande pure, con\u00e7ue pour nettoyer votre peau en douceur. Avec les bienfaits naturels de la lavande.\" \/>\n<meta property=\"og:url\" content=\"https:\/\/secretofsamui.com\/fr\/produit\/savon-lavande-francaise\/\" \/>\n<meta property=\"og:site_name\" content=\"Secret of Samui - Natural and Homemade cosmestic\" \/>\n<meta property=\"article:modified_time\" content=\"2026-01-26T02:43:59+00:00\" \/>\n<meta property=\"og:image\" content=\"https:\/\/secretofsamui.com\/wp-content\/uploads\/2024\/10\/soap-french-lavender.jpeg\" \/>\n\t<meta property=\"og:image:width\" content=\"1280\" \/>\n\t<meta property=\"og:image:height\" content=\"1600\" \/>\n\t<meta property=\"og:image:type\" content=\"image\/jpeg\" \/>\n<meta name=\"twitter:card\" content=\"summary_large_image\" \/>\n<meta name=\"twitter:label1\" content=\"Dur\u00e9e de lecture estim\u00e9e\" \/>\n\t<meta name=\"twitter:data1\" content=\"1 minute\" \/>\n<script type=\"application\/ld+json\" class=\"yoast-schema-graph\">{\"@context\":\"https:\/\/schema.org\",\"@graph\":[{\"@type\":\"WebPage\",\"@id\":\"https:\/\/secretofsamui.com\/fr\/produit\/savon-lavande-francaise\/\",\"url\":\"https:\/\/secretofsamui.com\/fr\/produit\/savon-lavande-francaise\/\",\"name\":\"Savon Lavande fran\u00e7aise - Secret of Samui - Natural and Homemade cosmestic\",\"isPartOf\":{\"@id\":\"https:\/\/secretofsamui.com\/fr\/#website\"},\"primaryImageOfPage\":{\"@id\":\"https:\/\/secretofsamui.com\/fr\/produit\/savon-lavande-francaise\/#primaryimage\"},\"image\":{\"@id\":\"https:\/\/secretofsamui.com\/fr\/produit\/savon-lavande-francaise\/#primaryimage\"},\"thumbnailUrl\":\"https:\/\/secretofsamui.com\/wp-content\/uploads\/2024\/10\/soap-french-lavender.jpeg\",\"datePublished\":\"2024-10-17T06:47:28+00:00\",\"dateModified\":\"2026-01-26T02:43:59+00:00\",\"description\":\"D\u00e9couvrez l'huile essentielle classique de lavande pure, con\u00e7ue pour nettoyer votre peau en douceur. Avec les bienfaits naturels de la lavande.\",\"breadcrumb\":{\"@id\":\"https:\/\/secretofsamui.com\/fr\/produit\/savon-lavande-francaise\/#breadcrumb\"},\"inLanguage\":\"fr-FR\",\"potentialAction\":[{\"@type\":\"ReadAction\",\"target\":[\"https:\/\/secretofsamui.com\/fr\/produit\/savon-lavande-francaise\/\"]}]},{\"@type\":\"ImageObject\",\"inLanguage\":\"fr-FR\",\"@id\":\"https:\/\/secretofsamui.com\/fr\/produit\/savon-lavande-francaise\/#primaryimage\",\"url\":\"https:\/\/secretofsamui.com\/wp-content\/uploads\/2024\/10\/soap-french-lavender.jpeg\",\"contentUrl\":\"https:\/\/secretofsamui.com\/wp-content\/uploads\/2024\/10\/soap-french-lavender.jpeg\",\"width\":1280,\"height\":1600},{\"@type\":\"BreadcrumbList\",\"@id\":\"https:\/\/secretofsamui.com\/fr\/produit\/savon-lavande-francaise\/#breadcrumb\",\"itemListElement\":[{\"@type\":\"ListItem\",\"position\":1,\"name\":\"Home\",\"item\":\"https:\/\/secretofsamui.com\/fr\/accueil\/\"},{\"@type\":\"ListItem\",\"position\":2,\"name\":\"Boutique\",\"item\":\"https:\/\/secretofsamui.com\/boutique\/\"},{\"@type\":\"ListItem\",\"position\":3,\"name\":\"Savon Lavande fran\u00e7aise\"}]},{\"@type\":\"WebSite\",\"@id\":\"https:\/\/secretofsamui.com\/fr\/#website\",\"url\":\"https:\/\/secretofsamui.com\/fr\/\",\"name\":\"Secret of Samui - Natural and Homemade cosmestic\",\"description\":\"\",\"potentialAction\":[{\"@type\":\"SearchAction\",\"target\":{\"@type\":\"EntryPoint\",\"urlTemplate\":\"https:\/\/secretofsamui.com\/fr\/?s={search_term_string}\"},\"query-input\":{\"@type\":\"PropertyValueSpecification\",\"valueRequired\":true,\"valueName\":\"search_term_string\"}}],\"inLanguage\":\"fr-FR\"}]}<\/script>\n<!-- \/ Yoast SEO plugin. -->","yoast_head_json":{"title":"Savon Lavande fran\u00e7aise - Secret of Samui - Natural and Homemade cosmestic","description":"D\u00e9couvrez l'huile essentielle classique de lavande pure, con\u00e7ue pour nettoyer votre peau en douceur. Avec les bienfaits naturels de la lavande.","robots":{"index":"index","follow":"follow","max-snippet":"max-snippet:-1","max-image-preview":"max-image-preview:large","max-video-preview":"max-video-preview:-1"},"canonical":"https:\/\/secretofsamui.com\/fr\/produit\/savon-lavande-francaise\/","og_locale":"fr_FR","og_type":"article","og_title":"Savon Lavande fran\u00e7aise - Secret of Samui - Natural and Homemade cosmestic","og_description":"D\u00e9couvrez l'huile essentielle classique de lavande pure, con\u00e7ue pour nettoyer votre peau en douceur. Avec les bienfaits naturels de la lavande.","og_url":"https:\/\/secretofsamui.com\/fr\/produit\/savon-lavande-francaise\/","og_site_name":"Secret of Samui - Natural and Homemade cosmestic","article_modified_time":"2026-01-26T02:43:59+00:00","og_image":[{"width":1280,"height":1600,"url":"https:\/\/secretofsamui.com\/wp-content\/uploads\/2024\/10\/soap-french-lavender.jpeg","type":"image\/jpeg"}],"twitter_card":"summary_large_image","twitter_misc":{"Dur\u00e9e de lecture estim\u00e9e":"1 minute"},"schema":{"@context":"https:\/\/schema.org","@graph":[{"@type":"WebPage","@id":"https:\/\/secretofsamui.com\/fr\/produit\/savon-lavande-francaise\/","url":"https:\/\/secretofsamui.com\/fr\/produit\/savon-lavande-francaise\/","name":"Savon Lavande fran\u00e7aise - Secret of Samui - Natural and Homemade cosmestic","isPartOf":{"@id":"https:\/\/secretofsamui.com\/fr\/#website"},"primaryImageOfPage":{"@id":"https:\/\/secretofsamui.com\/fr\/produit\/savon-lavande-francaise\/#primaryimage"},"image":{"@id":"https:\/\/secretofsamui.com\/fr\/produit\/savon-lavande-francaise\/#primaryimage"},"thumbnailUrl":"https:\/\/secretofsamui.com\/wp-content\/uploads\/2024\/10\/soap-french-lavender.jpeg","datePublished":"2024-10-17T06:47:28+00:00","dateModified":"2026-01-26T02:43:59+00:00","description":"D\u00e9couvrez l'huile essentielle classique de lavande pure, con\u00e7ue pour nettoyer votre peau en douceur. Avec les bienfaits naturels de la lavande.","breadcrumb":{"@id":"https:\/\/secretofsamui.com\/fr\/produit\/savon-lavande-francaise\/#breadcrumb"},"inLanguage":"fr-FR","potentialAction":[{"@type":"ReadAction","target":["https:\/\/secretofsamui.com\/fr\/produit\/savon-lavande-francaise\/"]}]},{"@type":"ImageObject","inLanguage":"fr-FR","@id":"https:\/\/secretofsamui.com\/fr\/produit\/savon-lavande-francaise\/#primaryimage","url":"https:\/\/secretofsamui.com\/wp-content\/uploads\/2024\/10\/soap-french-lavender.jpeg","contentUrl":"https:\/\/secretofsamui.com\/wp-content\/uploads\/2024\/10\/soap-french-lavender.jpeg","width":1280,"height":1600},{"@type":"BreadcrumbList","@id":"https:\/\/secretofsamui.com\/fr\/produit\/savon-lavande-francaise\/#breadcrumb","itemListElement":[{"@type":"ListItem","position":1,"name":"Home","item":"https:\/\/secretofsamui.com\/fr\/accueil\/"},{"@type":"ListItem","position":2,"name":"Boutique","item":"https:\/\/secretofsamui.com\/boutique\/"},{"@type":"ListItem","position":3,"name":"Savon Lavande fran\u00e7aise"}]},{"@type":"WebSite","@id":"https:\/\/secretofsamui.com\/fr\/#website","url":"https:\/\/secretofsamui.com\/fr\/","name":"Secret of Samui - Natural and Homemade cosmestic","description":"","potentialAction":[{"@type":"SearchAction","target":{"@type":"EntryPoint","urlTemplate":"https:\/\/secretofsamui.com\/fr\/?s={search_term_string}"},"query-input":{"@type":"PropertyValueSpecification","valueRequired":true,"valueName":"search_term_string"}}],"inLanguage":"fr-FR"}]}},"_links":{"self":[{"href":"https:\/\/secretofsamui.com\/fr\/wp-json\/wp\/v2\/product\/102958","targetHints":{"allow":["GET"]}}],"collection":[{"href":"https:\/\/secretofsamui.com\/fr\/wp-json\/wp\/v2\/product"}],"about":[{"href":"https:\/\/secretofsamui.com\/fr\/wp-json\/wp\/v2\/types\/product"}],"wp:featuredmedia":[{"embeddable":true,"href":"https:\/\/secretofsamui.com\/fr\/wp-json\/wp\/v2\/media\/104292"}],"wp:attachment":[{"href":"https:\/\/secretofsamui.com\/fr\/wp-json\/wp\/v2\/media?parent=102958"}],"wp:term":[{"taxonomy":"product_brand","embeddable":true,"href":"https:\/\/secretofsamui.com\/fr\/wp-json\/wp\/v2\/product_brand?post=102958"},{"taxonomy":"product_cat","embeddable":true,"href":"https:\/\/secretofsamui.com\/fr\/wp-json\/wp\/v2\/product_cat?post=102958"},{"taxonomy":"product_tag","embeddable":true,"href":"https:\/\/secretofsamui.com\/fr\/wp-json\/wp\/v2\/product_tag?post=102958"}],"curies":[{"name":"wp","href":"https:\/\/api.w.org\/{rel}","templated":true}]}}