{"id":102957,"date":"2024-10-17T07:16:36","date_gmt":"2024-10-17T07:16:36","guid":{"rendered":"https:\/\/secretofsamui.com\/product\/savon-matcha-lemongrass\/"},"modified":"2026-01-26T09:43:52","modified_gmt":"2026-01-26T02:43:52","slug":"savon-matcha-lemongrass","status":"publish","type":"product","link":"https:\/\/secretofsamui.com\/fr\/produit\/savon-matcha-lemongrass\/","title":{"rendered":"Savon Matcha et Citronnelle"},"content":{"rendered":"<p>Profitez du parfum naturel rafra\u00eechissant de la citronnelle associ\u00e9 aux bienfaits de la poudre de matcha, pour une exp\u00e9rience apaisante et anti-stress \u00e0 chaque utilisation. Le savon est enrichi des propri\u00e9t\u00e9s antioxydantes du th\u00e9 vert matcha, laissant votre peau propre, lisse et saine.<br \/>\nCaract\u00e9ristiques principales du savon Matcha &amp; Citronnelle<br \/>\n\ud83c\udf43 Parfum rafra\u00eechissant de citronnelle : \u00c9levante et relaxante, elle aide \u00e0 r\u00e9duire le stress et la tension<br \/>\n\ud83c\udf75 Les bienfaits du Matcha : Riche en antioxydants, prot\u00e8ge et nourrit la peau, la gardant douce et lisse<br \/>\n\ud83c\udf43 Ingr\u00e9dients naturels : Doux, s\u00fbrs et adapt\u00e9s \u00e0 tous les types de peau<br \/>\n\ud83c\udf75 Nettoyage en profondeur : \u00c9limine efficacement les impuret\u00e9s et les polluants, laissant votre peau fra\u00eeche et \u00e9clatante Offrez-vous une exp\u00e9rience relaxante et rafra\u00eechissante tout en gardant votre peau propre, radieuse et saine avec notre savon Matcha &amp; Lemongrass. <\/p>\n","protected":false},"excerpt":{"rendered":"<p>SAVON FAIT MAIN MATCHA LEMONGRASS<br \/>\nSavon Matcha et Lemongrass<\/p>\n","protected":false},"featured_media":104290,"template":"","meta":{"_acf_changed":false,"_et_pb_use_builder":"","_et_pb_old_content":"","_et_gb_content_width":""},"product_brand":[],"product_cat":[429,423,422],"product_tag":[464],"class_list":{"0":"post-102957","1":"product","2":"type-product","3":"status-publish","4":"has-post-thumbnail","6":"product_cat-savon","7":"product_cat-soin-du-corps","8":"product_cat-soins-de-beaute","9":"product_tag-pas-de-fda","11":"first","12":"instock","13":"taxable","14":"shipping-taxable","15":"purchasable","16":"product-type-simple"},"acf":[],"yoast_head":"<!-- This site is optimized with the Yoast SEO plugin v27.2 - https:\/\/yoast.com\/product\/yoast-seo-wordpress\/ -->\n<title>Savon Matcha et Citronnelle - Secret of Samui - Natural and Homemade cosmestic<\/title>\n<meta name=\"description\" content=\"Appr\u00e9ciez le parfum naturel et rafra\u00eechissant de la citronnelle associ\u00e9 aux bienfaits de la poudre de matcha, pour un effet calmant et anti-stress.\" \/>\n<meta name=\"robots\" content=\"index, follow, max-snippet:-1, max-image-preview:large, max-video-preview:-1\" \/>\n<link rel=\"canonical\" href=\"https:\/\/secretofsamui.com\/fr\/produit\/savon-matcha-lemongrass\/\" \/>\n<meta property=\"og:locale\" content=\"fr_FR\" \/>\n<meta property=\"og:type\" content=\"article\" \/>\n<meta property=\"og:title\" content=\"Savon Matcha et Citronnelle - Secret of Samui - Natural and Homemade cosmestic\" \/>\n<meta property=\"og:description\" content=\"Appr\u00e9ciez le parfum naturel et rafra\u00eechissant de la citronnelle associ\u00e9 aux bienfaits de la poudre de matcha, pour un effet calmant et anti-stress.\" \/>\n<meta property=\"og:url\" content=\"https:\/\/secretofsamui.com\/fr\/produit\/savon-matcha-lemongrass\/\" \/>\n<meta property=\"og:site_name\" content=\"Secret of Samui - Natural and Homemade cosmestic\" \/>\n<meta property=\"article:modified_time\" content=\"2026-01-26T02:43:52+00:00\" \/>\n<meta property=\"og:image\" content=\"https:\/\/secretofsamui.com\/wp-content\/uploads\/2024\/10\/soap-matcha-lemongrass.jpeg\" \/>\n\t<meta property=\"og:image:width\" content=\"1280\" \/>\n\t<meta property=\"og:image:height\" content=\"1600\" \/>\n\t<meta property=\"og:image:type\" content=\"image\/jpeg\" \/>\n<meta name=\"twitter:card\" content=\"summary_large_image\" \/>\n<meta name=\"twitter:label1\" content=\"Dur\u00e9e de lecture estim\u00e9e\" \/>\n\t<meta name=\"twitter:data1\" content=\"1 minute\" \/>\n<script type=\"application\/ld+json\" class=\"yoast-schema-graph\">{\"@context\":\"https:\/\/schema.org\",\"@graph\":[{\"@type\":\"WebPage\",\"@id\":\"https:\/\/secretofsamui.com\/fr\/produit\/savon-matcha-lemongrass\/\",\"url\":\"https:\/\/secretofsamui.com\/fr\/produit\/savon-matcha-lemongrass\/\",\"name\":\"Savon Matcha et Citronnelle - Secret of Samui - Natural and Homemade cosmestic\",\"isPartOf\":{\"@id\":\"https:\/\/secretofsamui.com\/fr\/#website\"},\"primaryImageOfPage\":{\"@id\":\"https:\/\/secretofsamui.com\/fr\/produit\/savon-matcha-lemongrass\/#primaryimage\"},\"image\":{\"@id\":\"https:\/\/secretofsamui.com\/fr\/produit\/savon-matcha-lemongrass\/#primaryimage\"},\"thumbnailUrl\":\"https:\/\/secretofsamui.com\/wp-content\/uploads\/2024\/10\/soap-matcha-lemongrass.jpeg\",\"datePublished\":\"2024-10-17T07:16:36+00:00\",\"dateModified\":\"2026-01-26T02:43:52+00:00\",\"description\":\"Appr\u00e9ciez le parfum naturel et rafra\u00eechissant de la citronnelle associ\u00e9 aux bienfaits de la poudre de matcha, pour un effet calmant et anti-stress.\",\"breadcrumb\":{\"@id\":\"https:\/\/secretofsamui.com\/fr\/produit\/savon-matcha-lemongrass\/#breadcrumb\"},\"inLanguage\":\"fr-FR\",\"potentialAction\":[{\"@type\":\"ReadAction\",\"target\":[\"https:\/\/secretofsamui.com\/fr\/produit\/savon-matcha-lemongrass\/\"]}]},{\"@type\":\"ImageObject\",\"inLanguage\":\"fr-FR\",\"@id\":\"https:\/\/secretofsamui.com\/fr\/produit\/savon-matcha-lemongrass\/#primaryimage\",\"url\":\"https:\/\/secretofsamui.com\/wp-content\/uploads\/2024\/10\/soap-matcha-lemongrass.jpeg\",\"contentUrl\":\"https:\/\/secretofsamui.com\/wp-content\/uploads\/2024\/10\/soap-matcha-lemongrass.jpeg\",\"width\":1280,\"height\":1600},{\"@type\":\"BreadcrumbList\",\"@id\":\"https:\/\/secretofsamui.com\/fr\/produit\/savon-matcha-lemongrass\/#breadcrumb\",\"itemListElement\":[{\"@type\":\"ListItem\",\"position\":1,\"name\":\"Home\",\"item\":\"https:\/\/secretofsamui.com\/fr\/accueil\/\"},{\"@type\":\"ListItem\",\"position\":2,\"name\":\"Boutique\",\"item\":\"https:\/\/secretofsamui.com\/boutique\/\"},{\"@type\":\"ListItem\",\"position\":3,\"name\":\"Savon Matcha et Citronnelle\"}]},{\"@type\":\"WebSite\",\"@id\":\"https:\/\/secretofsamui.com\/fr\/#website\",\"url\":\"https:\/\/secretofsamui.com\/fr\/\",\"name\":\"Secret of Samui - Natural and Homemade cosmestic\",\"description\":\"\",\"potentialAction\":[{\"@type\":\"SearchAction\",\"target\":{\"@type\":\"EntryPoint\",\"urlTemplate\":\"https:\/\/secretofsamui.com\/fr\/?s={search_term_string}\"},\"query-input\":{\"@type\":\"PropertyValueSpecification\",\"valueRequired\":true,\"valueName\":\"search_term_string\"}}],\"inLanguage\":\"fr-FR\"}]}<\/script>\n<!-- \/ Yoast SEO plugin. -->","yoast_head_json":{"title":"Savon Matcha et Citronnelle - Secret of Samui - Natural and Homemade cosmestic","description":"Appr\u00e9ciez le parfum naturel et rafra\u00eechissant de la citronnelle associ\u00e9 aux bienfaits de la poudre de matcha, pour un effet calmant et anti-stress.","robots":{"index":"index","follow":"follow","max-snippet":"max-snippet:-1","max-image-preview":"max-image-preview:large","max-video-preview":"max-video-preview:-1"},"canonical":"https:\/\/secretofsamui.com\/fr\/produit\/savon-matcha-lemongrass\/","og_locale":"fr_FR","og_type":"article","og_title":"Savon Matcha et Citronnelle - Secret of Samui - Natural and Homemade cosmestic","og_description":"Appr\u00e9ciez le parfum naturel et rafra\u00eechissant de la citronnelle associ\u00e9 aux bienfaits de la poudre de matcha, pour un effet calmant et anti-stress.","og_url":"https:\/\/secretofsamui.com\/fr\/produit\/savon-matcha-lemongrass\/","og_site_name":"Secret of Samui - Natural and Homemade cosmestic","article_modified_time":"2026-01-26T02:43:52+00:00","og_image":[{"width":1280,"height":1600,"url":"https:\/\/secretofsamui.com\/wp-content\/uploads\/2024\/10\/soap-matcha-lemongrass.jpeg","type":"image\/jpeg"}],"twitter_card":"summary_large_image","twitter_misc":{"Dur\u00e9e de lecture estim\u00e9e":"1 minute"},"schema":{"@context":"https:\/\/schema.org","@graph":[{"@type":"WebPage","@id":"https:\/\/secretofsamui.com\/fr\/produit\/savon-matcha-lemongrass\/","url":"https:\/\/secretofsamui.com\/fr\/produit\/savon-matcha-lemongrass\/","name":"Savon Matcha et Citronnelle - Secret of Samui - Natural and Homemade cosmestic","isPartOf":{"@id":"https:\/\/secretofsamui.com\/fr\/#website"},"primaryImageOfPage":{"@id":"https:\/\/secretofsamui.com\/fr\/produit\/savon-matcha-lemongrass\/#primaryimage"},"image":{"@id":"https:\/\/secretofsamui.com\/fr\/produit\/savon-matcha-lemongrass\/#primaryimage"},"thumbnailUrl":"https:\/\/secretofsamui.com\/wp-content\/uploads\/2024\/10\/soap-matcha-lemongrass.jpeg","datePublished":"2024-10-17T07:16:36+00:00","dateModified":"2026-01-26T02:43:52+00:00","description":"Appr\u00e9ciez le parfum naturel et rafra\u00eechissant de la citronnelle associ\u00e9 aux bienfaits de la poudre de matcha, pour un effet calmant et anti-stress.","breadcrumb":{"@id":"https:\/\/secretofsamui.com\/fr\/produit\/savon-matcha-lemongrass\/#breadcrumb"},"inLanguage":"fr-FR","potentialAction":[{"@type":"ReadAction","target":["https:\/\/secretofsamui.com\/fr\/produit\/savon-matcha-lemongrass\/"]}]},{"@type":"ImageObject","inLanguage":"fr-FR","@id":"https:\/\/secretofsamui.com\/fr\/produit\/savon-matcha-lemongrass\/#primaryimage","url":"https:\/\/secretofsamui.com\/wp-content\/uploads\/2024\/10\/soap-matcha-lemongrass.jpeg","contentUrl":"https:\/\/secretofsamui.com\/wp-content\/uploads\/2024\/10\/soap-matcha-lemongrass.jpeg","width":1280,"height":1600},{"@type":"BreadcrumbList","@id":"https:\/\/secretofsamui.com\/fr\/produit\/savon-matcha-lemongrass\/#breadcrumb","itemListElement":[{"@type":"ListItem","position":1,"name":"Home","item":"https:\/\/secretofsamui.com\/fr\/accueil\/"},{"@type":"ListItem","position":2,"name":"Boutique","item":"https:\/\/secretofsamui.com\/boutique\/"},{"@type":"ListItem","position":3,"name":"Savon Matcha et Citronnelle"}]},{"@type":"WebSite","@id":"https:\/\/secretofsamui.com\/fr\/#website","url":"https:\/\/secretofsamui.com\/fr\/","name":"Secret of Samui - Natural and Homemade cosmestic","description":"","potentialAction":[{"@type":"SearchAction","target":{"@type":"EntryPoint","urlTemplate":"https:\/\/secretofsamui.com\/fr\/?s={search_term_string}"},"query-input":{"@type":"PropertyValueSpecification","valueRequired":true,"valueName":"search_term_string"}}],"inLanguage":"fr-FR"}]}},"_links":{"self":[{"href":"https:\/\/secretofsamui.com\/fr\/wp-json\/wp\/v2\/product\/102957","targetHints":{"allow":["GET"]}}],"collection":[{"href":"https:\/\/secretofsamui.com\/fr\/wp-json\/wp\/v2\/product"}],"about":[{"href":"https:\/\/secretofsamui.com\/fr\/wp-json\/wp\/v2\/types\/product"}],"wp:featuredmedia":[{"embeddable":true,"href":"https:\/\/secretofsamui.com\/fr\/wp-json\/wp\/v2\/media\/104290"}],"wp:attachment":[{"href":"https:\/\/secretofsamui.com\/fr\/wp-json\/wp\/v2\/media?parent=102957"}],"wp:term":[{"taxonomy":"product_brand","embeddable":true,"href":"https:\/\/secretofsamui.com\/fr\/wp-json\/wp\/v2\/product_brand?post=102957"},{"taxonomy":"product_cat","embeddable":true,"href":"https:\/\/secretofsamui.com\/fr\/wp-json\/wp\/v2\/product_cat?post=102957"},{"taxonomy":"product_tag","embeddable":true,"href":"https:\/\/secretofsamui.com\/fr\/wp-json\/wp\/v2\/product_tag?post=102957"}],"curies":[{"name":"wp","href":"https:\/\/api.w.org\/{rel}","templated":true}]}}