{"id":102956,"date":"2024-10-17T06:53:02","date_gmt":"2024-10-17T06:53:02","guid":{"rendered":"https:\/\/secretofsamui.com\/product\/savon-miel-et-citron-vert\/"},"modified":"2026-01-26T09:43:57","modified_gmt":"2026-01-26T02:43:57","slug":"savon-miel-et-citron-vert","status":"publish","type":"product","link":"https:\/\/secretofsamui.com\/fr\/produit\/savon-miel-et-citron-vert\/","title":{"rendered":"Savon miel et citron vert"},"content":{"rendered":"<p>Laissez-vous s\u00e9duire par l&rsquo;ar\u00f4me doux et apaisant du miel, qui se m\u00eale harmonieusement au parfum frais et rafra\u00eechissant du citron vert. Enrichi en extrait d&rsquo;aloe vera, ce savon hydrate votre peau en douceur tout en la nettoyant efficacement. Le parfum vivifiant de l&rsquo;huile essentielle de citron vert favorise la relaxation, ce qui le rend adapt\u00e9 \u00e0 tous les types de peau. Votre peau sera douce, lisse et rafra\u00eechie tout au long de la journ\u00e9e.<br \/>\nPrincipales caract\u00e9ristiques du savon miel et citron vert<br \/>\n\ud83c\udf6f Doux parfum de miel : Doux et apaisant, il procure une sensation de chaleur et de r\u00e9confort<br \/>\n\ud83c\udf4b Ar\u00f4me rafra\u00eechissant de citron vert : Frais et vivifiant, il apporte une touche de fra\u00eecheur et de dynamisme<br \/>\n\ud83c\udf31 Extrait d&rsquo;aloe vera : Il hydrate et soigne la peau en douceur<br \/>\n\ud83c\udf6f Formule douce : Convient \u00e0 tous les types de peau, id\u00e9al pour le visage et le corps Laissez le savon miel et citron vert vous apporter une exp\u00e9rience de bain rafra\u00eechissante et relaxante, tout en nourrissant votre peau pour qu&rsquo;elle reste douce, lisse et saine au quotidien.   <\/p>\n","protected":false},"excerpt":{"rendered":"<p>SAVON FAIT MAIN MIEL et CITRON<br \/>\nSavon miel et citron vert<\/p>\n","protected":false},"featured_media":104284,"template":"","meta":{"_acf_changed":false,"_et_pb_use_builder":"","_et_pb_old_content":"","_et_gb_content_width":""},"product_brand":[],"product_cat":[429,423,422],"product_tag":[464],"class_list":{"0":"post-102956","1":"product","2":"type-product","3":"status-publish","4":"has-post-thumbnail","6":"product_cat-savon","7":"product_cat-soin-du-corps","8":"product_cat-soins-de-beaute","9":"product_tag-pas-de-fda","11":"first","12":"instock","13":"taxable","14":"shipping-taxable","15":"purchasable","16":"product-type-simple"},"acf":[],"yoast_head":"<!-- This site is optimized with the Yoast SEO plugin v27.2 - https:\/\/yoast.com\/product\/yoast-seo-wordpress\/ -->\n<title>Savon miel et citron vert - Secret of Samui - Natural and Homemade cosmestic<\/title>\n<meta name=\"description\" content=\"Savourez l&#039;ar\u00f4me doux et apaisant du miel, m\u00e9lang\u00e9 \u00e0 la senteur fra\u00eeche et rafra\u00eechissante du citron vert. Enrichi en extrait d&#039;aloe vera.\" \/>\n<meta name=\"robots\" content=\"index, follow, max-snippet:-1, max-image-preview:large, max-video-preview:-1\" \/>\n<link rel=\"canonical\" href=\"https:\/\/secretofsamui.com\/fr\/produit\/savon-miel-et-citron-vert\/\" \/>\n<meta property=\"og:locale\" content=\"fr_FR\" \/>\n<meta property=\"og:type\" content=\"article\" \/>\n<meta property=\"og:title\" content=\"Savon miel et citron vert - Secret of Samui - Natural and Homemade cosmestic\" \/>\n<meta property=\"og:description\" content=\"Savourez l&#039;ar\u00f4me doux et apaisant du miel, m\u00e9lang\u00e9 \u00e0 la senteur fra\u00eeche et rafra\u00eechissante du citron vert. Enrichi en extrait d&#039;aloe vera.\" \/>\n<meta property=\"og:url\" content=\"https:\/\/secretofsamui.com\/fr\/produit\/savon-miel-et-citron-vert\/\" \/>\n<meta property=\"og:site_name\" content=\"Secret of Samui - Natural and Homemade cosmestic\" \/>\n<meta property=\"article:modified_time\" content=\"2026-01-26T02:43:57+00:00\" \/>\n<meta property=\"og:image\" content=\"https:\/\/secretofsamui.com\/wp-content\/uploads\/2024\/10\/soap-honey-lime.jpeg\" \/>\n\t<meta property=\"og:image:width\" content=\"1280\" \/>\n\t<meta property=\"og:image:height\" content=\"1600\" \/>\n\t<meta property=\"og:image:type\" content=\"image\/jpeg\" \/>\n<meta name=\"twitter:card\" content=\"summary_large_image\" \/>\n<meta name=\"twitter:label1\" content=\"Dur\u00e9e de lecture estim\u00e9e\" \/>\n\t<meta name=\"twitter:data1\" content=\"1 minute\" \/>\n<script type=\"application\/ld+json\" class=\"yoast-schema-graph\">{\"@context\":\"https:\/\/schema.org\",\"@graph\":[{\"@type\":\"WebPage\",\"@id\":\"https:\/\/secretofsamui.com\/fr\/produit\/savon-miel-et-citron-vert\/\",\"url\":\"https:\/\/secretofsamui.com\/fr\/produit\/savon-miel-et-citron-vert\/\",\"name\":\"Savon miel et citron vert - Secret of Samui - Natural and Homemade cosmestic\",\"isPartOf\":{\"@id\":\"https:\/\/secretofsamui.com\/fr\/#website\"},\"primaryImageOfPage\":{\"@id\":\"https:\/\/secretofsamui.com\/fr\/produit\/savon-miel-et-citron-vert\/#primaryimage\"},\"image\":{\"@id\":\"https:\/\/secretofsamui.com\/fr\/produit\/savon-miel-et-citron-vert\/#primaryimage\"},\"thumbnailUrl\":\"https:\/\/secretofsamui.com\/wp-content\/uploads\/2024\/10\/soap-honey-lime.jpeg\",\"datePublished\":\"2024-10-17T06:53:02+00:00\",\"dateModified\":\"2026-01-26T02:43:57+00:00\",\"description\":\"Savourez l'ar\u00f4me doux et apaisant du miel, m\u00e9lang\u00e9 \u00e0 la senteur fra\u00eeche et rafra\u00eechissante du citron vert. Enrichi en extrait d'aloe vera.\",\"breadcrumb\":{\"@id\":\"https:\/\/secretofsamui.com\/fr\/produit\/savon-miel-et-citron-vert\/#breadcrumb\"},\"inLanguage\":\"fr-FR\",\"potentialAction\":[{\"@type\":\"ReadAction\",\"target\":[\"https:\/\/secretofsamui.com\/fr\/produit\/savon-miel-et-citron-vert\/\"]}]},{\"@type\":\"ImageObject\",\"inLanguage\":\"fr-FR\",\"@id\":\"https:\/\/secretofsamui.com\/fr\/produit\/savon-miel-et-citron-vert\/#primaryimage\",\"url\":\"https:\/\/secretofsamui.com\/wp-content\/uploads\/2024\/10\/soap-honey-lime.jpeg\",\"contentUrl\":\"https:\/\/secretofsamui.com\/wp-content\/uploads\/2024\/10\/soap-honey-lime.jpeg\",\"width\":1280,\"height\":1600},{\"@type\":\"BreadcrumbList\",\"@id\":\"https:\/\/secretofsamui.com\/fr\/produit\/savon-miel-et-citron-vert\/#breadcrumb\",\"itemListElement\":[{\"@type\":\"ListItem\",\"position\":1,\"name\":\"Home\",\"item\":\"https:\/\/secretofsamui.com\/fr\/accueil\/\"},{\"@type\":\"ListItem\",\"position\":2,\"name\":\"Boutique\",\"item\":\"https:\/\/secretofsamui.com\/boutique\/\"},{\"@type\":\"ListItem\",\"position\":3,\"name\":\"Savon miel et citron vert\"}]},{\"@type\":\"WebSite\",\"@id\":\"https:\/\/secretofsamui.com\/fr\/#website\",\"url\":\"https:\/\/secretofsamui.com\/fr\/\",\"name\":\"Secret of Samui - Natural and Homemade cosmestic\",\"description\":\"\",\"potentialAction\":[{\"@type\":\"SearchAction\",\"target\":{\"@type\":\"EntryPoint\",\"urlTemplate\":\"https:\/\/secretofsamui.com\/fr\/?s={search_term_string}\"},\"query-input\":{\"@type\":\"PropertyValueSpecification\",\"valueRequired\":true,\"valueName\":\"search_term_string\"}}],\"inLanguage\":\"fr-FR\"}]}<\/script>\n<!-- \/ Yoast SEO plugin. -->","yoast_head_json":{"title":"Savon miel et citron vert - Secret of Samui - Natural and Homemade cosmestic","description":"Savourez l'ar\u00f4me doux et apaisant du miel, m\u00e9lang\u00e9 \u00e0 la senteur fra\u00eeche et rafra\u00eechissante du citron vert. Enrichi en extrait d'aloe vera.","robots":{"index":"index","follow":"follow","max-snippet":"max-snippet:-1","max-image-preview":"max-image-preview:large","max-video-preview":"max-video-preview:-1"},"canonical":"https:\/\/secretofsamui.com\/fr\/produit\/savon-miel-et-citron-vert\/","og_locale":"fr_FR","og_type":"article","og_title":"Savon miel et citron vert - Secret of Samui - Natural and Homemade cosmestic","og_description":"Savourez l'ar\u00f4me doux et apaisant du miel, m\u00e9lang\u00e9 \u00e0 la senteur fra\u00eeche et rafra\u00eechissante du citron vert. Enrichi en extrait d'aloe vera.","og_url":"https:\/\/secretofsamui.com\/fr\/produit\/savon-miel-et-citron-vert\/","og_site_name":"Secret of Samui - Natural and Homemade cosmestic","article_modified_time":"2026-01-26T02:43:57+00:00","og_image":[{"width":1280,"height":1600,"url":"https:\/\/secretofsamui.com\/wp-content\/uploads\/2024\/10\/soap-honey-lime.jpeg","type":"image\/jpeg"}],"twitter_card":"summary_large_image","twitter_misc":{"Dur\u00e9e de lecture estim\u00e9e":"1 minute"},"schema":{"@context":"https:\/\/schema.org","@graph":[{"@type":"WebPage","@id":"https:\/\/secretofsamui.com\/fr\/produit\/savon-miel-et-citron-vert\/","url":"https:\/\/secretofsamui.com\/fr\/produit\/savon-miel-et-citron-vert\/","name":"Savon miel et citron vert - Secret of Samui - Natural and Homemade cosmestic","isPartOf":{"@id":"https:\/\/secretofsamui.com\/fr\/#website"},"primaryImageOfPage":{"@id":"https:\/\/secretofsamui.com\/fr\/produit\/savon-miel-et-citron-vert\/#primaryimage"},"image":{"@id":"https:\/\/secretofsamui.com\/fr\/produit\/savon-miel-et-citron-vert\/#primaryimage"},"thumbnailUrl":"https:\/\/secretofsamui.com\/wp-content\/uploads\/2024\/10\/soap-honey-lime.jpeg","datePublished":"2024-10-17T06:53:02+00:00","dateModified":"2026-01-26T02:43:57+00:00","description":"Savourez l'ar\u00f4me doux et apaisant du miel, m\u00e9lang\u00e9 \u00e0 la senteur fra\u00eeche et rafra\u00eechissante du citron vert. Enrichi en extrait d'aloe vera.","breadcrumb":{"@id":"https:\/\/secretofsamui.com\/fr\/produit\/savon-miel-et-citron-vert\/#breadcrumb"},"inLanguage":"fr-FR","potentialAction":[{"@type":"ReadAction","target":["https:\/\/secretofsamui.com\/fr\/produit\/savon-miel-et-citron-vert\/"]}]},{"@type":"ImageObject","inLanguage":"fr-FR","@id":"https:\/\/secretofsamui.com\/fr\/produit\/savon-miel-et-citron-vert\/#primaryimage","url":"https:\/\/secretofsamui.com\/wp-content\/uploads\/2024\/10\/soap-honey-lime.jpeg","contentUrl":"https:\/\/secretofsamui.com\/wp-content\/uploads\/2024\/10\/soap-honey-lime.jpeg","width":1280,"height":1600},{"@type":"BreadcrumbList","@id":"https:\/\/secretofsamui.com\/fr\/produit\/savon-miel-et-citron-vert\/#breadcrumb","itemListElement":[{"@type":"ListItem","position":1,"name":"Home","item":"https:\/\/secretofsamui.com\/fr\/accueil\/"},{"@type":"ListItem","position":2,"name":"Boutique","item":"https:\/\/secretofsamui.com\/boutique\/"},{"@type":"ListItem","position":3,"name":"Savon miel et citron vert"}]},{"@type":"WebSite","@id":"https:\/\/secretofsamui.com\/fr\/#website","url":"https:\/\/secretofsamui.com\/fr\/","name":"Secret of Samui - Natural and Homemade cosmestic","description":"","potentialAction":[{"@type":"SearchAction","target":{"@type":"EntryPoint","urlTemplate":"https:\/\/secretofsamui.com\/fr\/?s={search_term_string}"},"query-input":{"@type":"PropertyValueSpecification","valueRequired":true,"valueName":"search_term_string"}}],"inLanguage":"fr-FR"}]}},"_links":{"self":[{"href":"https:\/\/secretofsamui.com\/fr\/wp-json\/wp\/v2\/product\/102956","targetHints":{"allow":["GET"]}}],"collection":[{"href":"https:\/\/secretofsamui.com\/fr\/wp-json\/wp\/v2\/product"}],"about":[{"href":"https:\/\/secretofsamui.com\/fr\/wp-json\/wp\/v2\/types\/product"}],"wp:featuredmedia":[{"embeddable":true,"href":"https:\/\/secretofsamui.com\/fr\/wp-json\/wp\/v2\/media\/104284"}],"wp:attachment":[{"href":"https:\/\/secretofsamui.com\/fr\/wp-json\/wp\/v2\/media?parent=102956"}],"wp:term":[{"taxonomy":"product_brand","embeddable":true,"href":"https:\/\/secretofsamui.com\/fr\/wp-json\/wp\/v2\/product_brand?post=102956"},{"taxonomy":"product_cat","embeddable":true,"href":"https:\/\/secretofsamui.com\/fr\/wp-json\/wp\/v2\/product_cat?post=102956"},{"taxonomy":"product_tag","embeddable":true,"href":"https:\/\/secretofsamui.com\/fr\/wp-json\/wp\/v2\/product_tag?post=102956"}],"curies":[{"name":"wp","href":"https:\/\/api.w.org\/{rel}","templated":true}]}}