{"id":102955,"date":"2024-10-17T07:20:52","date_gmt":"2024-10-17T07:20:52","guid":{"rendered":"https:\/\/secretofsamui.com\/product\/melange-de-savon-3-riz\/"},"modified":"2026-01-26T09:43:50","modified_gmt":"2026-01-26T02:43:50","slug":"melange-de-savon-3-riz","status":"publish","type":"product","link":"https:\/\/secretofsamui.com\/fr\/produit\/melange-de-savon-3-riz\/","title":{"rendered":"Savon m\u00e9lange 3 riz"},"content":{"rendered":"<p>D\u00e9couvrez la fra\u00eecheur d&rsquo;une peau profond\u00e9ment nettoy\u00e9e avec le savon de riz 3 couleurs ! Un savon sp\u00e9cialement con\u00e7u \u00e0 partir d&rsquo;ingr\u00e9dients naturels et de ressources locales, m\u00ealant le parfum frais et apaisant du riz au jasmin aux bienfaits de trois types de grains de riz (riz au jasmin, riz brun et baies de riz). Ce savon nettoie et exfolie en douceur, laissant votre peau lisse, radieuse et rafra\u00eechie.<br \/>\nPourquoi choisir le savon de riz 3 couleurs ?<br \/>\n\ud83c\udf3e Ingr\u00e9dients naturels : S\u00fbrs et doux pour tous les types de peau<br \/>\n\ud83c\udf3e Avantages des 3 types de riz : Nettoie en profondeur et exfolie l\u00e9g\u00e8rement, aidant \u00e0 r\u00e9v\u00e9ler une peau lisse et douce<br \/>\n\ud83c\udf3e Parfum d\u00e9licat : Le parfum r\u00e9confortant du riz au jasmin apporte une sensation de d\u00e9tente et de fra\u00eecheur \u00e0 chaque utilisation Utilisez r\u00e9guli\u00e8rement le savon de riz 3 couleurs, et ressentez la fra\u00eecheur d&rsquo;une peau profond\u00e9ment nettoy\u00e9e, lisse et \u00e9clatante comme jamais auparavant.  <\/p>\n","protected":false},"excerpt":{"rendered":"<p>SAVON FAIT MAIN MELANGE 3 RICES<br \/>\nM\u00e9lange 3 Rices Savon<\/p>\n","protected":false},"featured_media":104282,"template":"","meta":{"_acf_changed":false,"_et_pb_use_builder":"","_et_pb_old_content":"","_et_gb_content_width":""},"product_brand":[],"product_cat":[429,423,422],"product_tag":[464],"class_list":{"0":"post-102955","1":"product","2":"type-product","3":"status-publish","4":"has-post-thumbnail","6":"product_cat-savon","7":"product_cat-soin-du-corps","8":"product_cat-soins-de-beaute","9":"product_tag-pas-de-fda","11":"first","12":"instock","13":"taxable","14":"shipping-taxable","15":"purchasable","16":"product-type-simple"},"acf":[],"yoast_head":"<!-- This site is optimized with the Yoast SEO plugin v27.2 - https:\/\/yoast.com\/product\/yoast-seo-wordpress\/ -->\n<title>Savon m\u00e9lange 3 riz - Secret of Samui - Natural and Homemade cosmestic<\/title>\n<meta name=\"description\" content=\"D\u00e9couvrez la fra\u00eecheur d&#039;une peau profond\u00e9ment nettoy\u00e9e gr\u00e2ce au savon de riz tricolore ! Un savon sp\u00e9cialement con\u00e7u \u00e0 partir d&#039;ingr\u00e9dients naturels et de ressources locales.\" \/>\n<meta name=\"robots\" content=\"index, follow, max-snippet:-1, max-image-preview:large, max-video-preview:-1\" \/>\n<link rel=\"canonical\" href=\"https:\/\/secretofsamui.com\/fr\/produit\/melange-de-savon-3-riz\/\" \/>\n<meta property=\"og:locale\" content=\"fr_FR\" \/>\n<meta property=\"og:type\" content=\"article\" \/>\n<meta property=\"og:title\" content=\"Savon m\u00e9lange 3 riz - Secret of Samui - Natural and Homemade cosmestic\" \/>\n<meta property=\"og:description\" content=\"D\u00e9couvrez la fra\u00eecheur d&#039;une peau profond\u00e9ment nettoy\u00e9e gr\u00e2ce au savon de riz tricolore ! Un savon sp\u00e9cialement con\u00e7u \u00e0 partir d&#039;ingr\u00e9dients naturels et de ressources locales.\" \/>\n<meta property=\"og:url\" content=\"https:\/\/secretofsamui.com\/fr\/produit\/melange-de-savon-3-riz\/\" \/>\n<meta property=\"og:site_name\" content=\"Secret of Samui - Natural and Homemade cosmestic\" \/>\n<meta property=\"article:modified_time\" content=\"2026-01-26T02:43:50+00:00\" \/>\n<meta property=\"og:image\" content=\"https:\/\/secretofsamui.com\/wp-content\/uploads\/2024\/10\/soap-mix-3rices.jpeg\" \/>\n\t<meta property=\"og:image:width\" content=\"1280\" \/>\n\t<meta property=\"og:image:height\" content=\"1600\" \/>\n\t<meta property=\"og:image:type\" content=\"image\/jpeg\" \/>\n<meta name=\"twitter:card\" content=\"summary_large_image\" \/>\n<meta name=\"twitter:label1\" content=\"Dur\u00e9e de lecture estim\u00e9e\" \/>\n\t<meta name=\"twitter:data1\" content=\"1 minute\" \/>\n<script type=\"application\/ld+json\" class=\"yoast-schema-graph\">{\"@context\":\"https:\/\/schema.org\",\"@graph\":[{\"@type\":\"WebPage\",\"@id\":\"https:\/\/secretofsamui.com\/fr\/produit\/melange-de-savon-3-riz\/\",\"url\":\"https:\/\/secretofsamui.com\/fr\/produit\/melange-de-savon-3-riz\/\",\"name\":\"Savon m\u00e9lange 3 riz - Secret of Samui - Natural and Homemade cosmestic\",\"isPartOf\":{\"@id\":\"https:\/\/secretofsamui.com\/fr\/#website\"},\"primaryImageOfPage\":{\"@id\":\"https:\/\/secretofsamui.com\/fr\/produit\/melange-de-savon-3-riz\/#primaryimage\"},\"image\":{\"@id\":\"https:\/\/secretofsamui.com\/fr\/produit\/melange-de-savon-3-riz\/#primaryimage\"},\"thumbnailUrl\":\"https:\/\/secretofsamui.com\/wp-content\/uploads\/2024\/10\/soap-mix-3rices.jpeg\",\"datePublished\":\"2024-10-17T07:20:52+00:00\",\"dateModified\":\"2026-01-26T02:43:50+00:00\",\"description\":\"D\u00e9couvrez la fra\u00eecheur d'une peau profond\u00e9ment nettoy\u00e9e gr\u00e2ce au savon de riz tricolore ! Un savon sp\u00e9cialement con\u00e7u \u00e0 partir d'ingr\u00e9dients naturels et de ressources locales.\",\"breadcrumb\":{\"@id\":\"https:\/\/secretofsamui.com\/fr\/produit\/melange-de-savon-3-riz\/#breadcrumb\"},\"inLanguage\":\"fr-FR\",\"potentialAction\":[{\"@type\":\"ReadAction\",\"target\":[\"https:\/\/secretofsamui.com\/fr\/produit\/melange-de-savon-3-riz\/\"]}]},{\"@type\":\"ImageObject\",\"inLanguage\":\"fr-FR\",\"@id\":\"https:\/\/secretofsamui.com\/fr\/produit\/melange-de-savon-3-riz\/#primaryimage\",\"url\":\"https:\/\/secretofsamui.com\/wp-content\/uploads\/2024\/10\/soap-mix-3rices.jpeg\",\"contentUrl\":\"https:\/\/secretofsamui.com\/wp-content\/uploads\/2024\/10\/soap-mix-3rices.jpeg\",\"width\":1280,\"height\":1600},{\"@type\":\"BreadcrumbList\",\"@id\":\"https:\/\/secretofsamui.com\/fr\/produit\/melange-de-savon-3-riz\/#breadcrumb\",\"itemListElement\":[{\"@type\":\"ListItem\",\"position\":1,\"name\":\"Home\",\"item\":\"https:\/\/secretofsamui.com\/fr\/accueil\/\"},{\"@type\":\"ListItem\",\"position\":2,\"name\":\"Boutique\",\"item\":\"https:\/\/secretofsamui.com\/boutique\/\"},{\"@type\":\"ListItem\",\"position\":3,\"name\":\"Savon m\u00e9lange 3 riz\"}]},{\"@type\":\"WebSite\",\"@id\":\"https:\/\/secretofsamui.com\/fr\/#website\",\"url\":\"https:\/\/secretofsamui.com\/fr\/\",\"name\":\"Secret of Samui - Natural and Homemade cosmestic\",\"description\":\"\",\"potentialAction\":[{\"@type\":\"SearchAction\",\"target\":{\"@type\":\"EntryPoint\",\"urlTemplate\":\"https:\/\/secretofsamui.com\/fr\/?s={search_term_string}\"},\"query-input\":{\"@type\":\"PropertyValueSpecification\",\"valueRequired\":true,\"valueName\":\"search_term_string\"}}],\"inLanguage\":\"fr-FR\"}]}<\/script>\n<!-- \/ Yoast SEO plugin. -->","yoast_head_json":{"title":"Savon m\u00e9lange 3 riz - Secret of Samui - Natural and Homemade cosmestic","description":"D\u00e9couvrez la fra\u00eecheur d'une peau profond\u00e9ment nettoy\u00e9e gr\u00e2ce au savon de riz tricolore ! Un savon sp\u00e9cialement con\u00e7u \u00e0 partir d'ingr\u00e9dients naturels et de ressources locales.","robots":{"index":"index","follow":"follow","max-snippet":"max-snippet:-1","max-image-preview":"max-image-preview:large","max-video-preview":"max-video-preview:-1"},"canonical":"https:\/\/secretofsamui.com\/fr\/produit\/melange-de-savon-3-riz\/","og_locale":"fr_FR","og_type":"article","og_title":"Savon m\u00e9lange 3 riz - Secret of Samui - Natural and Homemade cosmestic","og_description":"D\u00e9couvrez la fra\u00eecheur d'une peau profond\u00e9ment nettoy\u00e9e gr\u00e2ce au savon de riz tricolore ! Un savon sp\u00e9cialement con\u00e7u \u00e0 partir d'ingr\u00e9dients naturels et de ressources locales.","og_url":"https:\/\/secretofsamui.com\/fr\/produit\/melange-de-savon-3-riz\/","og_site_name":"Secret of Samui - Natural and Homemade cosmestic","article_modified_time":"2026-01-26T02:43:50+00:00","og_image":[{"width":1280,"height":1600,"url":"https:\/\/secretofsamui.com\/wp-content\/uploads\/2024\/10\/soap-mix-3rices.jpeg","type":"image\/jpeg"}],"twitter_card":"summary_large_image","twitter_misc":{"Dur\u00e9e de lecture estim\u00e9e":"1 minute"},"schema":{"@context":"https:\/\/schema.org","@graph":[{"@type":"WebPage","@id":"https:\/\/secretofsamui.com\/fr\/produit\/melange-de-savon-3-riz\/","url":"https:\/\/secretofsamui.com\/fr\/produit\/melange-de-savon-3-riz\/","name":"Savon m\u00e9lange 3 riz - Secret of Samui - Natural and Homemade cosmestic","isPartOf":{"@id":"https:\/\/secretofsamui.com\/fr\/#website"},"primaryImageOfPage":{"@id":"https:\/\/secretofsamui.com\/fr\/produit\/melange-de-savon-3-riz\/#primaryimage"},"image":{"@id":"https:\/\/secretofsamui.com\/fr\/produit\/melange-de-savon-3-riz\/#primaryimage"},"thumbnailUrl":"https:\/\/secretofsamui.com\/wp-content\/uploads\/2024\/10\/soap-mix-3rices.jpeg","datePublished":"2024-10-17T07:20:52+00:00","dateModified":"2026-01-26T02:43:50+00:00","description":"D\u00e9couvrez la fra\u00eecheur d'une peau profond\u00e9ment nettoy\u00e9e gr\u00e2ce au savon de riz tricolore ! Un savon sp\u00e9cialement con\u00e7u \u00e0 partir d'ingr\u00e9dients naturels et de ressources locales.","breadcrumb":{"@id":"https:\/\/secretofsamui.com\/fr\/produit\/melange-de-savon-3-riz\/#breadcrumb"},"inLanguage":"fr-FR","potentialAction":[{"@type":"ReadAction","target":["https:\/\/secretofsamui.com\/fr\/produit\/melange-de-savon-3-riz\/"]}]},{"@type":"ImageObject","inLanguage":"fr-FR","@id":"https:\/\/secretofsamui.com\/fr\/produit\/melange-de-savon-3-riz\/#primaryimage","url":"https:\/\/secretofsamui.com\/wp-content\/uploads\/2024\/10\/soap-mix-3rices.jpeg","contentUrl":"https:\/\/secretofsamui.com\/wp-content\/uploads\/2024\/10\/soap-mix-3rices.jpeg","width":1280,"height":1600},{"@type":"BreadcrumbList","@id":"https:\/\/secretofsamui.com\/fr\/produit\/melange-de-savon-3-riz\/#breadcrumb","itemListElement":[{"@type":"ListItem","position":1,"name":"Home","item":"https:\/\/secretofsamui.com\/fr\/accueil\/"},{"@type":"ListItem","position":2,"name":"Boutique","item":"https:\/\/secretofsamui.com\/boutique\/"},{"@type":"ListItem","position":3,"name":"Savon m\u00e9lange 3 riz"}]},{"@type":"WebSite","@id":"https:\/\/secretofsamui.com\/fr\/#website","url":"https:\/\/secretofsamui.com\/fr\/","name":"Secret of Samui - Natural and Homemade cosmestic","description":"","potentialAction":[{"@type":"SearchAction","target":{"@type":"EntryPoint","urlTemplate":"https:\/\/secretofsamui.com\/fr\/?s={search_term_string}"},"query-input":{"@type":"PropertyValueSpecification","valueRequired":true,"valueName":"search_term_string"}}],"inLanguage":"fr-FR"}]}},"_links":{"self":[{"href":"https:\/\/secretofsamui.com\/fr\/wp-json\/wp\/v2\/product\/102955","targetHints":{"allow":["GET"]}}],"collection":[{"href":"https:\/\/secretofsamui.com\/fr\/wp-json\/wp\/v2\/product"}],"about":[{"href":"https:\/\/secretofsamui.com\/fr\/wp-json\/wp\/v2\/types\/product"}],"wp:featuredmedia":[{"embeddable":true,"href":"https:\/\/secretofsamui.com\/fr\/wp-json\/wp\/v2\/media\/104282"}],"wp:attachment":[{"href":"https:\/\/secretofsamui.com\/fr\/wp-json\/wp\/v2\/media?parent=102955"}],"wp:term":[{"taxonomy":"product_brand","embeddable":true,"href":"https:\/\/secretofsamui.com\/fr\/wp-json\/wp\/v2\/product_brand?post=102955"},{"taxonomy":"product_cat","embeddable":true,"href":"https:\/\/secretofsamui.com\/fr\/wp-json\/wp\/v2\/product_cat?post=102955"},{"taxonomy":"product_tag","embeddable":true,"href":"https:\/\/secretofsamui.com\/fr\/wp-json\/wp\/v2\/product_tag?post=102955"}],"curies":[{"name":"wp","href":"https:\/\/api.w.org\/{rel}","templated":true}]}}