{"id":102954,"date":"2024-10-17T07:00:02","date_gmt":"2024-10-17T07:00:02","guid":{"rendered":"https:\/\/secretofsamui.com\/product\/savon-juicy-mango\/"},"modified":"2026-01-26T09:43:55","modified_gmt":"2026-01-26T02:43:55","slug":"savon-juicy-mango","status":"publish","type":"product","link":"https:\/\/secretofsamui.com\/fr\/produit\/savon-juicy-mango\/","title":{"rendered":"Savon Juicy Mango"},"content":{"rendered":"<p>Appr\u00e9ciez le parfum doux et moelleux de la mangue fra\u00eeche, qui rappelle un d\u00e9licieux dessert, et faites de votre douche une exp\u00e9rience d\u00e9licieuse. Le parfum succulent vous aide \u00e0 vous sentir d\u00e9tendu et rafra\u00eechi \u00e0 chaque fois que vous l&rsquo;utilisez. Ce savon nettoie en douceur votre visage et votre corps, laissant votre peau propre, douce et d\u00e9licieusement parfum\u00e9e tout au long de la journ\u00e9e.<br \/>\nPrincipales caract\u00e9ristiques du savon Juicy Mango<br \/>\n\ud83e\udd6d Parfum de mangue sucr\u00e9e : Un ar\u00f4me d\u00e9licieux et sucr\u00e9 qui procure une sensation de fra\u00eecheur et de d\u00e9tente<br \/>\n\ud83e\udd6d Nettoyage en douceur : Facile \u00e0 rincer, non irritant et adapt\u00e9 au visage et au corps<br \/>\n\ud83e\udd6d Formule douce : Parfaite pour un usage quotidien, elle donne \u00e0 votre peau un parfum propre, doux et sucr\u00e9<br \/>\n\ud83e\udd6d Am\u00e9liore la douceur de la peau : Laissez votre peau douce, lisse et rafra\u00eechie toute la journ\u00e9e Profitez d&rsquo;une exp\u00e9rience de bain d\u00e9licieuse avec une peau propre, douce et saine, en utilisant notre savon \u00e0 la mangue juteuse. <\/p>\n","protected":false},"excerpt":{"rendered":"<p>SAVON FAIT MAIN MANGUE Juteuse<br \/>\nSavon mangue juteuse<\/p>\n","protected":false},"featured_media":104280,"template":"","meta":{"_acf_changed":false,"_et_pb_use_builder":"","_et_pb_old_content":"","_et_gb_content_width":""},"product_brand":[],"product_cat":[429,423,422],"product_tag":[464],"class_list":{"0":"post-102954","1":"product","2":"type-product","3":"status-publish","4":"has-post-thumbnail","6":"product_cat-savon","7":"product_cat-soin-du-corps","8":"product_cat-soins-de-beaute","9":"product_tag-pas-de-fda","11":"first","12":"instock","13":"taxable","14":"shipping-taxable","15":"purchasable","16":"product-type-simple"},"acf":[],"yoast_head":"<!-- This site is optimized with the Yoast SEO plugin v27.4 - https:\/\/yoast.com\/product\/yoast-seo-wordpress\/ -->\n<title>Savon Juicy Mango - Secret of Samui - Natural and Homemade cosmestic<\/title>\n<meta name=\"description\" content=\"Appr\u00e9ciez le parfum doux et moelleux de la mangue fra\u00eeche, qui rappelle un d\u00e9licieux dessert, et faites de votre douche une exp\u00e9rience d\u00e9licieuse.\" \/>\n<meta name=\"robots\" content=\"index, follow, max-snippet:-1, max-image-preview:large, max-video-preview:-1\" \/>\n<link rel=\"canonical\" href=\"https:\/\/secretofsamui.com\/fr\/produit\/savon-juicy-mango\/\" \/>\n<meta property=\"og:locale\" content=\"fr_FR\" \/>\n<meta property=\"og:type\" content=\"article\" \/>\n<meta property=\"og:title\" content=\"Savon Juicy Mango - Secret of Samui - Natural and Homemade cosmestic\" \/>\n<meta property=\"og:description\" content=\"Appr\u00e9ciez le parfum doux et moelleux de la mangue fra\u00eeche, qui rappelle un d\u00e9licieux dessert, et faites de votre douche une exp\u00e9rience d\u00e9licieuse.\" \/>\n<meta property=\"og:url\" content=\"https:\/\/secretofsamui.com\/fr\/produit\/savon-juicy-mango\/\" \/>\n<meta property=\"og:site_name\" content=\"Secret of Samui - Natural and Homemade cosmestic\" \/>\n<meta property=\"article:modified_time\" content=\"2026-01-26T02:43:55+00:00\" \/>\n<meta property=\"og:image\" content=\"https:\/\/secretofsamui.com\/wp-content\/uploads\/2024\/10\/soap-juicy-mango.jpeg\" \/>\n\t<meta property=\"og:image:width\" content=\"1280\" \/>\n\t<meta property=\"og:image:height\" content=\"1600\" \/>\n\t<meta property=\"og:image:type\" content=\"image\/jpeg\" \/>\n<meta name=\"twitter:card\" content=\"summary_large_image\" \/>\n<meta name=\"twitter:label1\" content=\"Dur\u00e9e de lecture estim\u00e9e\" \/>\n\t<meta name=\"twitter:data1\" content=\"1 minute\" \/>\n<script type=\"application\/ld+json\" class=\"yoast-schema-graph\">{\"@context\":\"https:\\\/\\\/schema.org\",\"@graph\":[{\"@type\":\"WebPage\",\"@id\":\"https:\\\/\\\/secretofsamui.com\\\/fr\\\/produit\\\/savon-juicy-mango\\\/\",\"url\":\"https:\\\/\\\/secretofsamui.com\\\/fr\\\/produit\\\/savon-juicy-mango\\\/\",\"name\":\"Savon Juicy Mango - Secret of Samui - Natural and Homemade cosmestic\",\"isPartOf\":{\"@id\":\"https:\\\/\\\/secretofsamui.com\\\/fr\\\/#website\"},\"primaryImageOfPage\":{\"@id\":\"https:\\\/\\\/secretofsamui.com\\\/fr\\\/produit\\\/savon-juicy-mango\\\/#primaryimage\"},\"image\":{\"@id\":\"https:\\\/\\\/secretofsamui.com\\\/fr\\\/produit\\\/savon-juicy-mango\\\/#primaryimage\"},\"thumbnailUrl\":\"https:\\\/\\\/secretofsamui.com\\\/wp-content\\\/uploads\\\/2024\\\/10\\\/soap-juicy-mango.jpeg\",\"datePublished\":\"2024-10-17T07:00:02+00:00\",\"dateModified\":\"2026-01-26T02:43:55+00:00\",\"description\":\"Appr\u00e9ciez le parfum doux et moelleux de la mangue fra\u00eeche, qui rappelle un d\u00e9licieux dessert, et faites de votre douche une exp\u00e9rience d\u00e9licieuse.\",\"breadcrumb\":{\"@id\":\"https:\\\/\\\/secretofsamui.com\\\/fr\\\/produit\\\/savon-juicy-mango\\\/#breadcrumb\"},\"inLanguage\":\"fr-FR\",\"potentialAction\":[{\"@type\":\"ReadAction\",\"target\":[\"https:\\\/\\\/secretofsamui.com\\\/fr\\\/produit\\\/savon-juicy-mango\\\/\"]}]},{\"@type\":\"ImageObject\",\"inLanguage\":\"fr-FR\",\"@id\":\"https:\\\/\\\/secretofsamui.com\\\/fr\\\/produit\\\/savon-juicy-mango\\\/#primaryimage\",\"url\":\"https:\\\/\\\/secretofsamui.com\\\/wp-content\\\/uploads\\\/2024\\\/10\\\/soap-juicy-mango.jpeg\",\"contentUrl\":\"https:\\\/\\\/secretofsamui.com\\\/wp-content\\\/uploads\\\/2024\\\/10\\\/soap-juicy-mango.jpeg\",\"width\":1280,\"height\":1600},{\"@type\":\"BreadcrumbList\",\"@id\":\"https:\\\/\\\/secretofsamui.com\\\/fr\\\/produit\\\/savon-juicy-mango\\\/#breadcrumb\",\"itemListElement\":[{\"@type\":\"ListItem\",\"position\":1,\"name\":\"Home\",\"item\":\"https:\\\/\\\/secretofsamui.com\\\/fr\\\/accueil\\\/\"},{\"@type\":\"ListItem\",\"position\":2,\"name\":\"Boutique\",\"item\":\"https:\\\/\\\/secretofsamui.com\\\/boutique\\\/\"},{\"@type\":\"ListItem\",\"position\":3,\"name\":\"Savon Juicy Mango\"}]},{\"@type\":\"WebSite\",\"@id\":\"https:\\\/\\\/secretofsamui.com\\\/fr\\\/#website\",\"url\":\"https:\\\/\\\/secretofsamui.com\\\/fr\\\/\",\"name\":\"Secret of Samui - Natural and Homemade cosmestic\",\"description\":\"\",\"potentialAction\":[{\"@type\":\"SearchAction\",\"target\":{\"@type\":\"EntryPoint\",\"urlTemplate\":\"https:\\\/\\\/secretofsamui.com\\\/fr\\\/?s={search_term_string}\"},\"query-input\":{\"@type\":\"PropertyValueSpecification\",\"valueRequired\":true,\"valueName\":\"search_term_string\"}}],\"inLanguage\":\"fr-FR\"}]}<\/script>\n<!-- \/ Yoast SEO plugin. -->","yoast_head_json":{"title":"Savon Juicy Mango - Secret of Samui - Natural and Homemade cosmestic","description":"Appr\u00e9ciez le parfum doux et moelleux de la mangue fra\u00eeche, qui rappelle un d\u00e9licieux dessert, et faites de votre douche une exp\u00e9rience d\u00e9licieuse.","robots":{"index":"index","follow":"follow","max-snippet":"max-snippet:-1","max-image-preview":"max-image-preview:large","max-video-preview":"max-video-preview:-1"},"canonical":"https:\/\/secretofsamui.com\/fr\/produit\/savon-juicy-mango\/","og_locale":"fr_FR","og_type":"article","og_title":"Savon Juicy Mango - Secret of Samui - Natural and Homemade cosmestic","og_description":"Appr\u00e9ciez le parfum doux et moelleux de la mangue fra\u00eeche, qui rappelle un d\u00e9licieux dessert, et faites de votre douche une exp\u00e9rience d\u00e9licieuse.","og_url":"https:\/\/secretofsamui.com\/fr\/produit\/savon-juicy-mango\/","og_site_name":"Secret of Samui - Natural and Homemade cosmestic","article_modified_time":"2026-01-26T02:43:55+00:00","og_image":[{"width":1280,"height":1600,"url":"https:\/\/secretofsamui.com\/wp-content\/uploads\/2024\/10\/soap-juicy-mango.jpeg","type":"image\/jpeg"}],"twitter_card":"summary_large_image","twitter_misc":{"Dur\u00e9e de lecture estim\u00e9e":"1 minute"},"schema":{"@context":"https:\/\/schema.org","@graph":[{"@type":"WebPage","@id":"https:\/\/secretofsamui.com\/fr\/produit\/savon-juicy-mango\/","url":"https:\/\/secretofsamui.com\/fr\/produit\/savon-juicy-mango\/","name":"Savon Juicy Mango - Secret of Samui - Natural and Homemade cosmestic","isPartOf":{"@id":"https:\/\/secretofsamui.com\/fr\/#website"},"primaryImageOfPage":{"@id":"https:\/\/secretofsamui.com\/fr\/produit\/savon-juicy-mango\/#primaryimage"},"image":{"@id":"https:\/\/secretofsamui.com\/fr\/produit\/savon-juicy-mango\/#primaryimage"},"thumbnailUrl":"https:\/\/secretofsamui.com\/wp-content\/uploads\/2024\/10\/soap-juicy-mango.jpeg","datePublished":"2024-10-17T07:00:02+00:00","dateModified":"2026-01-26T02:43:55+00:00","description":"Appr\u00e9ciez le parfum doux et moelleux de la mangue fra\u00eeche, qui rappelle un d\u00e9licieux dessert, et faites de votre douche une exp\u00e9rience d\u00e9licieuse.","breadcrumb":{"@id":"https:\/\/secretofsamui.com\/fr\/produit\/savon-juicy-mango\/#breadcrumb"},"inLanguage":"fr-FR","potentialAction":[{"@type":"ReadAction","target":["https:\/\/secretofsamui.com\/fr\/produit\/savon-juicy-mango\/"]}]},{"@type":"ImageObject","inLanguage":"fr-FR","@id":"https:\/\/secretofsamui.com\/fr\/produit\/savon-juicy-mango\/#primaryimage","url":"https:\/\/secretofsamui.com\/wp-content\/uploads\/2024\/10\/soap-juicy-mango.jpeg","contentUrl":"https:\/\/secretofsamui.com\/wp-content\/uploads\/2024\/10\/soap-juicy-mango.jpeg","width":1280,"height":1600},{"@type":"BreadcrumbList","@id":"https:\/\/secretofsamui.com\/fr\/produit\/savon-juicy-mango\/#breadcrumb","itemListElement":[{"@type":"ListItem","position":1,"name":"Home","item":"https:\/\/secretofsamui.com\/fr\/accueil\/"},{"@type":"ListItem","position":2,"name":"Boutique","item":"https:\/\/secretofsamui.com\/boutique\/"},{"@type":"ListItem","position":3,"name":"Savon Juicy Mango"}]},{"@type":"WebSite","@id":"https:\/\/secretofsamui.com\/fr\/#website","url":"https:\/\/secretofsamui.com\/fr\/","name":"Secret of Samui - Natural and Homemade cosmestic","description":"","potentialAction":[{"@type":"SearchAction","target":{"@type":"EntryPoint","urlTemplate":"https:\/\/secretofsamui.com\/fr\/?s={search_term_string}"},"query-input":{"@type":"PropertyValueSpecification","valueRequired":true,"valueName":"search_term_string"}}],"inLanguage":"fr-FR"}]}},"_links":{"self":[{"href":"https:\/\/secretofsamui.com\/fr\/wp-json\/wp\/v2\/product\/102954","targetHints":{"allow":["GET"]}}],"collection":[{"href":"https:\/\/secretofsamui.com\/fr\/wp-json\/wp\/v2\/product"}],"about":[{"href":"https:\/\/secretofsamui.com\/fr\/wp-json\/wp\/v2\/types\/product"}],"wp:featuredmedia":[{"embeddable":true,"href":"https:\/\/secretofsamui.com\/fr\/wp-json\/wp\/v2\/media\/104280"}],"wp:attachment":[{"href":"https:\/\/secretofsamui.com\/fr\/wp-json\/wp\/v2\/media?parent=102954"}],"wp:term":[{"taxonomy":"product_brand","embeddable":true,"href":"https:\/\/secretofsamui.com\/fr\/wp-json\/wp\/v2\/product_brand?post=102954"},{"taxonomy":"product_cat","embeddable":true,"href":"https:\/\/secretofsamui.com\/fr\/wp-json\/wp\/v2\/product_cat?post=102954"},{"taxonomy":"product_tag","embeddable":true,"href":"https:\/\/secretofsamui.com\/fr\/wp-json\/wp\/v2\/product_tag?post=102954"}],"curies":[{"name":"wp","href":"https:\/\/api.w.org\/{rel}","templated":true}]}}