{"id":102953,"date":"2024-10-17T07:23:59","date_gmt":"2024-10-17T07:23:59","guid":{"rendered":"https:\/\/secretofsamui.com\/product\/savon-orange-mandarine\/"},"modified":"2026-01-26T09:43:48","modified_gmt":"2026-01-26T02:43:48","slug":"savon-orange-mandarine","status":"publish","type":"product","link":"https:\/\/secretofsamui.com\/fr\/produit\/savon-orange-mandarine\/","title":{"rendered":"Savon Orange et; Mandarine"},"content":{"rendered":"<p>Laissez-vous s\u00e9duire par le parfum doux et rafra\u00eechissant de notre savon \u00e9labor\u00e9 \u00e0 partir d&rsquo;huiles essentielles naturelles d&rsquo;orange douce et de mandarine. Il apporte un parfum d\u00e9licat et frais \u00e0 chaque utilisation, tout en nettoyant la peau en douceur. Gr\u00e2ce aux propri\u00e9t\u00e9s antibact\u00e9riennes des oranges, il aide \u00e0 prot\u00e9ger et \u00e0 soigner votre peau, la gardant propre et fra\u00eeche toute la journ\u00e9e.<br \/>\nPrincipales caract\u00e9ristiques du savon orange douce et mandarine<br \/>\n\ud83c\udf4a Huiles essentielles naturelles : Profitez du parfum d\u00e9licat de l&rsquo;orange douce et de la mandarine, qui procure une sensation de fra\u00eecheur et de d\u00e9tente<br \/>\n\ud83c\udf4a Propri\u00e9t\u00e9s antibact\u00e9riennes : Les extraits d&rsquo;orange aident \u00e0 nettoyer et \u00e0 prot\u00e9ger la peau des bact\u00e9ries<br \/>\n\ud83c\udf4a Ingr\u00e9dients naturels : Doux et s\u00fbrs, ils conviennent \u00e0 tous les types de peau<br \/>\n\ud83c\udf4a Nettoyage en douceur : Laisse votre peau lisse, propre et lumineuse \u00e0 chaque utilisation Gardez votre peau propre et fra\u00eeche avec notre savon \u00e0 l&rsquo;huile essentielle d&rsquo;orange douce et de mandarine. Faites l&rsquo;exp\u00e9rience d&rsquo;un parfum doux et rafra\u00eechissant tous les jours !  <\/p>\n","protected":false},"excerpt":{"rendered":"<p>SAVON FAIT MAIN ORANGE et MANDARINE<br \/>\nSavon \u00e0 l&rsquo;huile essentielle d&rsquo;orange douce et de mandarine<\/p>\n","protected":false},"featured_media":104294,"template":"","meta":{"_acf_changed":false,"_et_pb_use_builder":"","_et_pb_old_content":"","_et_gb_content_width":""},"product_brand":[],"product_cat":[429,423,422],"product_tag":[464],"class_list":{"0":"post-102953","1":"product","2":"type-product","3":"status-publish","4":"has-post-thumbnail","6":"product_cat-savon","7":"product_cat-soin-du-corps","8":"product_cat-soins-de-beaute","9":"product_tag-pas-de-fda","11":"first","12":"instock","13":"taxable","14":"shipping-taxable","15":"purchasable","16":"product-type-simple"},"acf":[],"yoast_head":"<!-- This site is optimized with the Yoast SEO plugin v27.2 - https:\/\/yoast.com\/product\/yoast-seo-wordpress\/ -->\n<title>Savon Orange et; Mandarine - Secret of Samui - Natural and Homemade cosmestic<\/title>\n<meta name=\"description\" content=\"Laissez-vous s\u00e9duire par le parfum doux et rafra\u00eechissant de notre savon \u00e9labor\u00e9 \u00e0 partir d&#039;huiles essentielles naturelles d&#039;orange douce et de mandarine.\" \/>\n<meta name=\"robots\" content=\"index, follow, max-snippet:-1, max-image-preview:large, max-video-preview:-1\" \/>\n<link rel=\"canonical\" href=\"https:\/\/secretofsamui.com\/fr\/produit\/savon-orange-mandarine\/\" \/>\n<meta property=\"og:locale\" content=\"fr_FR\" \/>\n<meta property=\"og:type\" content=\"article\" \/>\n<meta property=\"og:title\" content=\"Savon Orange et; Mandarine - Secret of Samui - Natural and Homemade cosmestic\" \/>\n<meta property=\"og:description\" content=\"Laissez-vous s\u00e9duire par le parfum doux et rafra\u00eechissant de notre savon \u00e9labor\u00e9 \u00e0 partir d&#039;huiles essentielles naturelles d&#039;orange douce et de mandarine.\" \/>\n<meta property=\"og:url\" content=\"https:\/\/secretofsamui.com\/fr\/produit\/savon-orange-mandarine\/\" \/>\n<meta property=\"og:site_name\" content=\"Secret of Samui - Natural and Homemade cosmestic\" \/>\n<meta property=\"article:modified_time\" content=\"2026-01-26T02:43:48+00:00\" \/>\n<meta property=\"og:image\" content=\"https:\/\/secretofsamui.com\/wp-content\/uploads\/2024\/10\/soap-orange-mandarin.jpeg\" \/>\n\t<meta property=\"og:image:width\" content=\"1280\" \/>\n\t<meta property=\"og:image:height\" content=\"1600\" \/>\n\t<meta property=\"og:image:type\" content=\"image\/jpeg\" \/>\n<meta name=\"twitter:card\" content=\"summary_large_image\" \/>\n<meta name=\"twitter:label1\" content=\"Dur\u00e9e de lecture estim\u00e9e\" \/>\n\t<meta name=\"twitter:data1\" content=\"1 minute\" \/>\n<script type=\"application\/ld+json\" class=\"yoast-schema-graph\">{\"@context\":\"https:\/\/schema.org\",\"@graph\":[{\"@type\":\"WebPage\",\"@id\":\"https:\/\/secretofsamui.com\/fr\/produit\/savon-orange-mandarine\/\",\"url\":\"https:\/\/secretofsamui.com\/fr\/produit\/savon-orange-mandarine\/\",\"name\":\"Savon Orange et; Mandarine - Secret of Samui - Natural and Homemade cosmestic\",\"isPartOf\":{\"@id\":\"https:\/\/secretofsamui.com\/fr\/#website\"},\"primaryImageOfPage\":{\"@id\":\"https:\/\/secretofsamui.com\/fr\/produit\/savon-orange-mandarine\/#primaryimage\"},\"image\":{\"@id\":\"https:\/\/secretofsamui.com\/fr\/produit\/savon-orange-mandarine\/#primaryimage\"},\"thumbnailUrl\":\"https:\/\/secretofsamui.com\/wp-content\/uploads\/2024\/10\/soap-orange-mandarin.jpeg\",\"datePublished\":\"2024-10-17T07:23:59+00:00\",\"dateModified\":\"2026-01-26T02:43:48+00:00\",\"description\":\"Laissez-vous s\u00e9duire par le parfum doux et rafra\u00eechissant de notre savon \u00e9labor\u00e9 \u00e0 partir d'huiles essentielles naturelles d'orange douce et de mandarine.\",\"breadcrumb\":{\"@id\":\"https:\/\/secretofsamui.com\/fr\/produit\/savon-orange-mandarine\/#breadcrumb\"},\"inLanguage\":\"fr-FR\",\"potentialAction\":[{\"@type\":\"ReadAction\",\"target\":[\"https:\/\/secretofsamui.com\/fr\/produit\/savon-orange-mandarine\/\"]}]},{\"@type\":\"ImageObject\",\"inLanguage\":\"fr-FR\",\"@id\":\"https:\/\/secretofsamui.com\/fr\/produit\/savon-orange-mandarine\/#primaryimage\",\"url\":\"https:\/\/secretofsamui.com\/wp-content\/uploads\/2024\/10\/soap-orange-mandarin.jpeg\",\"contentUrl\":\"https:\/\/secretofsamui.com\/wp-content\/uploads\/2024\/10\/soap-orange-mandarin.jpeg\",\"width\":1280,\"height\":1600},{\"@type\":\"BreadcrumbList\",\"@id\":\"https:\/\/secretofsamui.com\/fr\/produit\/savon-orange-mandarine\/#breadcrumb\",\"itemListElement\":[{\"@type\":\"ListItem\",\"position\":1,\"name\":\"Home\",\"item\":\"https:\/\/secretofsamui.com\/fr\/accueil\/\"},{\"@type\":\"ListItem\",\"position\":2,\"name\":\"Boutique\",\"item\":\"https:\/\/secretofsamui.com\/boutique\/\"},{\"@type\":\"ListItem\",\"position\":3,\"name\":\"Savon Orange et; Mandarine\"}]},{\"@type\":\"WebSite\",\"@id\":\"https:\/\/secretofsamui.com\/fr\/#website\",\"url\":\"https:\/\/secretofsamui.com\/fr\/\",\"name\":\"Secret of Samui - Natural and Homemade cosmestic\",\"description\":\"\",\"potentialAction\":[{\"@type\":\"SearchAction\",\"target\":{\"@type\":\"EntryPoint\",\"urlTemplate\":\"https:\/\/secretofsamui.com\/fr\/?s={search_term_string}\"},\"query-input\":{\"@type\":\"PropertyValueSpecification\",\"valueRequired\":true,\"valueName\":\"search_term_string\"}}],\"inLanguage\":\"fr-FR\"}]}<\/script>\n<!-- \/ Yoast SEO plugin. -->","yoast_head_json":{"title":"Savon Orange et; Mandarine - Secret of Samui - Natural and Homemade cosmestic","description":"Laissez-vous s\u00e9duire par le parfum doux et rafra\u00eechissant de notre savon \u00e9labor\u00e9 \u00e0 partir d'huiles essentielles naturelles d'orange douce et de mandarine.","robots":{"index":"index","follow":"follow","max-snippet":"max-snippet:-1","max-image-preview":"max-image-preview:large","max-video-preview":"max-video-preview:-1"},"canonical":"https:\/\/secretofsamui.com\/fr\/produit\/savon-orange-mandarine\/","og_locale":"fr_FR","og_type":"article","og_title":"Savon Orange et; Mandarine - Secret of Samui - Natural and Homemade cosmestic","og_description":"Laissez-vous s\u00e9duire par le parfum doux et rafra\u00eechissant de notre savon \u00e9labor\u00e9 \u00e0 partir d'huiles essentielles naturelles d'orange douce et de mandarine.","og_url":"https:\/\/secretofsamui.com\/fr\/produit\/savon-orange-mandarine\/","og_site_name":"Secret of Samui - Natural and Homemade cosmestic","article_modified_time":"2026-01-26T02:43:48+00:00","og_image":[{"width":1280,"height":1600,"url":"https:\/\/secretofsamui.com\/wp-content\/uploads\/2024\/10\/soap-orange-mandarin.jpeg","type":"image\/jpeg"}],"twitter_card":"summary_large_image","twitter_misc":{"Dur\u00e9e de lecture estim\u00e9e":"1 minute"},"schema":{"@context":"https:\/\/schema.org","@graph":[{"@type":"WebPage","@id":"https:\/\/secretofsamui.com\/fr\/produit\/savon-orange-mandarine\/","url":"https:\/\/secretofsamui.com\/fr\/produit\/savon-orange-mandarine\/","name":"Savon Orange et; Mandarine - Secret of Samui - Natural and Homemade cosmestic","isPartOf":{"@id":"https:\/\/secretofsamui.com\/fr\/#website"},"primaryImageOfPage":{"@id":"https:\/\/secretofsamui.com\/fr\/produit\/savon-orange-mandarine\/#primaryimage"},"image":{"@id":"https:\/\/secretofsamui.com\/fr\/produit\/savon-orange-mandarine\/#primaryimage"},"thumbnailUrl":"https:\/\/secretofsamui.com\/wp-content\/uploads\/2024\/10\/soap-orange-mandarin.jpeg","datePublished":"2024-10-17T07:23:59+00:00","dateModified":"2026-01-26T02:43:48+00:00","description":"Laissez-vous s\u00e9duire par le parfum doux et rafra\u00eechissant de notre savon \u00e9labor\u00e9 \u00e0 partir d'huiles essentielles naturelles d'orange douce et de mandarine.","breadcrumb":{"@id":"https:\/\/secretofsamui.com\/fr\/produit\/savon-orange-mandarine\/#breadcrumb"},"inLanguage":"fr-FR","potentialAction":[{"@type":"ReadAction","target":["https:\/\/secretofsamui.com\/fr\/produit\/savon-orange-mandarine\/"]}]},{"@type":"ImageObject","inLanguage":"fr-FR","@id":"https:\/\/secretofsamui.com\/fr\/produit\/savon-orange-mandarine\/#primaryimage","url":"https:\/\/secretofsamui.com\/wp-content\/uploads\/2024\/10\/soap-orange-mandarin.jpeg","contentUrl":"https:\/\/secretofsamui.com\/wp-content\/uploads\/2024\/10\/soap-orange-mandarin.jpeg","width":1280,"height":1600},{"@type":"BreadcrumbList","@id":"https:\/\/secretofsamui.com\/fr\/produit\/savon-orange-mandarine\/#breadcrumb","itemListElement":[{"@type":"ListItem","position":1,"name":"Home","item":"https:\/\/secretofsamui.com\/fr\/accueil\/"},{"@type":"ListItem","position":2,"name":"Boutique","item":"https:\/\/secretofsamui.com\/boutique\/"},{"@type":"ListItem","position":3,"name":"Savon Orange et; Mandarine"}]},{"@type":"WebSite","@id":"https:\/\/secretofsamui.com\/fr\/#website","url":"https:\/\/secretofsamui.com\/fr\/","name":"Secret of Samui - Natural and Homemade cosmestic","description":"","potentialAction":[{"@type":"SearchAction","target":{"@type":"EntryPoint","urlTemplate":"https:\/\/secretofsamui.com\/fr\/?s={search_term_string}"},"query-input":{"@type":"PropertyValueSpecification","valueRequired":true,"valueName":"search_term_string"}}],"inLanguage":"fr-FR"}]}},"_links":{"self":[{"href":"https:\/\/secretofsamui.com\/fr\/wp-json\/wp\/v2\/product\/102953","targetHints":{"allow":["GET"]}}],"collection":[{"href":"https:\/\/secretofsamui.com\/fr\/wp-json\/wp\/v2\/product"}],"about":[{"href":"https:\/\/secretofsamui.com\/fr\/wp-json\/wp\/v2\/types\/product"}],"wp:featuredmedia":[{"embeddable":true,"href":"https:\/\/secretofsamui.com\/fr\/wp-json\/wp\/v2\/media\/104294"}],"wp:attachment":[{"href":"https:\/\/secretofsamui.com\/fr\/wp-json\/wp\/v2\/media?parent=102953"}],"wp:term":[{"taxonomy":"product_brand","embeddable":true,"href":"https:\/\/secretofsamui.com\/fr\/wp-json\/wp\/v2\/product_brand?post=102953"},{"taxonomy":"product_cat","embeddable":true,"href":"https:\/\/secretofsamui.com\/fr\/wp-json\/wp\/v2\/product_cat?post=102953"},{"taxonomy":"product_tag","embeddable":true,"href":"https:\/\/secretofsamui.com\/fr\/wp-json\/wp\/v2\/product_tag?post=102953"}],"curies":[{"name":"wp","href":"https:\/\/api.w.org\/{rel}","templated":true}]}}