{"id":102952,"date":"2024-10-18T08:42:40","date_gmt":"2024-10-18T08:42:40","guid":{"rendered":"https:\/\/secretofsamui.com\/product\/coffret-cadeau\/"},"modified":"2025-08-26T08:38:07","modified_gmt":"2025-08-26T08:38:07","slug":"coffret-cadeau","status":"publish","type":"product","link":"https:\/\/secretofsamui.com\/fr\/produit\/coffret-cadeau\/","title":{"rendered":"Coffret cadeau"},"content":{"rendered":"<p>D\u00e9couvrez notre coffret exclusif, compos\u00e9 de nos incontournables best-sellers, le cadeau id\u00e9al pour une occasion sp\u00e9ciale ou pour rapporter un souvenir d&rsquo;exception chez vous.<\/p>\n<ul>\n<li><a href=\"https:\/\/secretofsamui.com\/product\/coconut-oil-virgin-organic\/\">Huile de coco vierge et bio<\/a> 60ml<\/li>\n<li><a href=\"https:\/\/secretofsamui.com\/product\/aloe-vera-gel\/\">Gel d&rsquo;aloe vera<\/a> &#8211; noix de coco 60ml<\/li>\n<li><a href=\"https:\/\/secretofsamui.com\/product\/body-scrub\/\">Exfoliant pour le corps \u00e0 la noix de coco<\/a><\/li>\n<\/ul>\n","protected":false},"excerpt":{"rendered":"<p>D\u00e9couvrez notre coffret exclusif, compos\u00e9 de nos incontournables best-sellers, le cadeau id\u00e9al pour une occasion sp\u00e9ciale ou pour rapporter un souvenir d&rsquo;exception chez vous.<\/p>\n<ul>\n<li><a href=\"https:\/\/secretofsamui.com\/product\/coconut-oil-virgin-organic\/\">Huile de coco vierge et bio<\/a> 60ml<\/li>\n<li><a href=\"https:\/\/secretofsamui.com\/product\/aloe-vera-gel\/\">Gel d&rsquo;aloe vera<\/a> &#8211; noix de coco 60ml<\/li>\n<li><a href=\"https:\/\/secretofsamui.com\/product\/body-scrub\/\">Exfoliant pour le corps \u00e0 la noix de coco<\/a><\/li>\n<\/ul>\n","protected":false},"featured_media":102786,"template":"","meta":{"_acf_changed":false,"_et_pb_use_builder":"","_et_pb_old_content":"","_et_gb_content_width":""},"product_brand":[],"product_cat":[436],"product_tag":[464],"class_list":{"0":"post-102952","1":"product","2":"type-product","3":"status-publish","4":"has-post-thumbnail","6":"product_cat-coffret-cadeau","7":"product_tag-pas-de-fda","9":"first","10":"instock","11":"sale","12":"taxable","13":"shipping-taxable","14":"purchasable","15":"product-type-simple"},"acf":[],"yoast_head":"<!-- This site is optimized with the Yoast SEO plugin v27.2 - https:\/\/yoast.com\/product\/yoast-seo-wordpress\/ -->\n<title>Coffret cadeau - Secret of Samui - Natural and Homemade cosmestic<\/title>\n<meta name=\"robots\" content=\"index, follow, max-snippet:-1, max-image-preview:large, max-video-preview:-1\" \/>\n<link rel=\"canonical\" href=\"https:\/\/secretofsamui.com\/fr\/produit\/coffret-cadeau\/\" \/>\n<meta property=\"og:locale\" content=\"fr_FR\" \/>\n<meta property=\"og:type\" content=\"article\" \/>\n<meta property=\"og:title\" content=\"Coffret cadeau - Secret of Samui - Natural and Homemade cosmestic\" \/>\n<meta property=\"og:description\" content=\"D\u00e9couvrez notre coffret exclusif, compos\u00e9 de nos incontournables best-sellers, le cadeau id\u00e9al pour une occasion sp\u00e9ciale ou pour rapporter un souvenir d&#039;exception chez vous.  Huile de coco vierge et bio 60ml  Gel d&#039;aloe vera - noix de coco 60ml  Exfoliant pour le corps \u00e0 la noix de coco\" \/>\n<meta property=\"og:url\" content=\"https:\/\/secretofsamui.com\/fr\/produit\/coffret-cadeau\/\" \/>\n<meta property=\"og:site_name\" content=\"Secret of Samui - Natural and Homemade cosmestic\" \/>\n<meta property=\"article:modified_time\" content=\"2025-08-26T08:38:07+00:00\" \/>\n<meta property=\"og:image\" content=\"https:\/\/secretofsamui.com\/wp-content\/uploads\/2024\/10\/GIFT_SET-scaled.jpg\" \/>\n\t<meta property=\"og:image:width\" content=\"2880\" \/>\n\t<meta property=\"og:image:height\" content=\"2880\" \/>\n\t<meta property=\"og:image:type\" content=\"image\/jpeg\" \/>\n<meta name=\"twitter:card\" content=\"summary_large_image\" \/>\n<script type=\"application\/ld+json\" class=\"yoast-schema-graph\">{\"@context\":\"https:\/\/schema.org\",\"@graph\":[{\"@type\":\"WebPage\",\"@id\":\"https:\/\/secretofsamui.com\/fr\/produit\/coffret-cadeau\/\",\"url\":\"https:\/\/secretofsamui.com\/fr\/produit\/coffret-cadeau\/\",\"name\":\"Coffret cadeau - Secret of Samui - Natural and Homemade cosmestic\",\"isPartOf\":{\"@id\":\"https:\/\/secretofsamui.com\/fr\/#website\"},\"primaryImageOfPage\":{\"@id\":\"https:\/\/secretofsamui.com\/fr\/produit\/coffret-cadeau\/#primaryimage\"},\"image\":{\"@id\":\"https:\/\/secretofsamui.com\/fr\/produit\/coffret-cadeau\/#primaryimage\"},\"thumbnailUrl\":\"https:\/\/secretofsamui.com\/wp-content\/uploads\/2024\/10\/GIFT_SET-scaled.jpg\",\"datePublished\":\"2024-10-18T08:42:40+00:00\",\"dateModified\":\"2025-08-26T08:38:07+00:00\",\"breadcrumb\":{\"@id\":\"https:\/\/secretofsamui.com\/fr\/produit\/coffret-cadeau\/#breadcrumb\"},\"inLanguage\":\"fr-FR\",\"potentialAction\":[{\"@type\":\"ReadAction\",\"target\":[\"https:\/\/secretofsamui.com\/fr\/produit\/coffret-cadeau\/\"]}]},{\"@type\":\"ImageObject\",\"inLanguage\":\"fr-FR\",\"@id\":\"https:\/\/secretofsamui.com\/fr\/produit\/coffret-cadeau\/#primaryimage\",\"url\":\"https:\/\/secretofsamui.com\/wp-content\/uploads\/2024\/10\/GIFT_SET-scaled.jpg\",\"contentUrl\":\"https:\/\/secretofsamui.com\/wp-content\/uploads\/2024\/10\/GIFT_SET-scaled.jpg\",\"width\":2880,\"height\":2880,\"caption\":\"GIFT SET\"},{\"@type\":\"BreadcrumbList\",\"@id\":\"https:\/\/secretofsamui.com\/fr\/produit\/coffret-cadeau\/#breadcrumb\",\"itemListElement\":[{\"@type\":\"ListItem\",\"position\":1,\"name\":\"Home\",\"item\":\"https:\/\/secretofsamui.com\/fr\/accueil\/\"},{\"@type\":\"ListItem\",\"position\":2,\"name\":\"Boutique\",\"item\":\"https:\/\/secretofsamui.com\/boutique\/\"},{\"@type\":\"ListItem\",\"position\":3,\"name\":\"Coffret cadeau\"}]},{\"@type\":\"WebSite\",\"@id\":\"https:\/\/secretofsamui.com\/fr\/#website\",\"url\":\"https:\/\/secretofsamui.com\/fr\/\",\"name\":\"Secret of Samui - Natural and Homemade cosmestic\",\"description\":\"\",\"potentialAction\":[{\"@type\":\"SearchAction\",\"target\":{\"@type\":\"EntryPoint\",\"urlTemplate\":\"https:\/\/secretofsamui.com\/fr\/?s={search_term_string}\"},\"query-input\":{\"@type\":\"PropertyValueSpecification\",\"valueRequired\":true,\"valueName\":\"search_term_string\"}}],\"inLanguage\":\"fr-FR\"}]}<\/script>\n<!-- \/ Yoast SEO plugin. -->","yoast_head_json":{"title":"Coffret cadeau - Secret of Samui - Natural and Homemade cosmestic","robots":{"index":"index","follow":"follow","max-snippet":"max-snippet:-1","max-image-preview":"max-image-preview:large","max-video-preview":"max-video-preview:-1"},"canonical":"https:\/\/secretofsamui.com\/fr\/produit\/coffret-cadeau\/","og_locale":"fr_FR","og_type":"article","og_title":"Coffret cadeau - Secret of Samui - Natural and Homemade cosmestic","og_description":"D\u00e9couvrez notre coffret exclusif, compos\u00e9 de nos incontournables best-sellers, le cadeau id\u00e9al pour une occasion sp\u00e9ciale ou pour rapporter un souvenir d'exception chez vous.  Huile de coco vierge et bio 60ml  Gel d'aloe vera - noix de coco 60ml  Exfoliant pour le corps \u00e0 la noix de coco","og_url":"https:\/\/secretofsamui.com\/fr\/produit\/coffret-cadeau\/","og_site_name":"Secret of Samui - Natural and Homemade cosmestic","article_modified_time":"2025-08-26T08:38:07+00:00","og_image":[{"width":2880,"height":2880,"url":"https:\/\/secretofsamui.com\/wp-content\/uploads\/2024\/10\/GIFT_SET-scaled.jpg","type":"image\/jpeg"}],"twitter_card":"summary_large_image","schema":{"@context":"https:\/\/schema.org","@graph":[{"@type":"WebPage","@id":"https:\/\/secretofsamui.com\/fr\/produit\/coffret-cadeau\/","url":"https:\/\/secretofsamui.com\/fr\/produit\/coffret-cadeau\/","name":"Coffret cadeau - Secret of Samui - Natural and Homemade cosmestic","isPartOf":{"@id":"https:\/\/secretofsamui.com\/fr\/#website"},"primaryImageOfPage":{"@id":"https:\/\/secretofsamui.com\/fr\/produit\/coffret-cadeau\/#primaryimage"},"image":{"@id":"https:\/\/secretofsamui.com\/fr\/produit\/coffret-cadeau\/#primaryimage"},"thumbnailUrl":"https:\/\/secretofsamui.com\/wp-content\/uploads\/2024\/10\/GIFT_SET-scaled.jpg","datePublished":"2024-10-18T08:42:40+00:00","dateModified":"2025-08-26T08:38:07+00:00","breadcrumb":{"@id":"https:\/\/secretofsamui.com\/fr\/produit\/coffret-cadeau\/#breadcrumb"},"inLanguage":"fr-FR","potentialAction":[{"@type":"ReadAction","target":["https:\/\/secretofsamui.com\/fr\/produit\/coffret-cadeau\/"]}]},{"@type":"ImageObject","inLanguage":"fr-FR","@id":"https:\/\/secretofsamui.com\/fr\/produit\/coffret-cadeau\/#primaryimage","url":"https:\/\/secretofsamui.com\/wp-content\/uploads\/2024\/10\/GIFT_SET-scaled.jpg","contentUrl":"https:\/\/secretofsamui.com\/wp-content\/uploads\/2024\/10\/GIFT_SET-scaled.jpg","width":2880,"height":2880,"caption":"GIFT SET"},{"@type":"BreadcrumbList","@id":"https:\/\/secretofsamui.com\/fr\/produit\/coffret-cadeau\/#breadcrumb","itemListElement":[{"@type":"ListItem","position":1,"name":"Home","item":"https:\/\/secretofsamui.com\/fr\/accueil\/"},{"@type":"ListItem","position":2,"name":"Boutique","item":"https:\/\/secretofsamui.com\/boutique\/"},{"@type":"ListItem","position":3,"name":"Coffret cadeau"}]},{"@type":"WebSite","@id":"https:\/\/secretofsamui.com\/fr\/#website","url":"https:\/\/secretofsamui.com\/fr\/","name":"Secret of Samui - Natural and Homemade cosmestic","description":"","potentialAction":[{"@type":"SearchAction","target":{"@type":"EntryPoint","urlTemplate":"https:\/\/secretofsamui.com\/fr\/?s={search_term_string}"},"query-input":{"@type":"PropertyValueSpecification","valueRequired":true,"valueName":"search_term_string"}}],"inLanguage":"fr-FR"}]}},"_links":{"self":[{"href":"https:\/\/secretofsamui.com\/fr\/wp-json\/wp\/v2\/product\/102952","targetHints":{"allow":["GET"]}}],"collection":[{"href":"https:\/\/secretofsamui.com\/fr\/wp-json\/wp\/v2\/product"}],"about":[{"href":"https:\/\/secretofsamui.com\/fr\/wp-json\/wp\/v2\/types\/product"}],"wp:featuredmedia":[{"embeddable":true,"href":"https:\/\/secretofsamui.com\/fr\/wp-json\/wp\/v2\/media\/102786"}],"wp:attachment":[{"href":"https:\/\/secretofsamui.com\/fr\/wp-json\/wp\/v2\/media?parent=102952"}],"wp:term":[{"taxonomy":"product_brand","embeddable":true,"href":"https:\/\/secretofsamui.com\/fr\/wp-json\/wp\/v2\/product_brand?post=102952"},{"taxonomy":"product_cat","embeddable":true,"href":"https:\/\/secretofsamui.com\/fr\/wp-json\/wp\/v2\/product_cat?post=102952"},{"taxonomy":"product_tag","embeddable":true,"href":"https:\/\/secretofsamui.com\/fr\/wp-json\/wp\/v2\/product_tag?post=102952"}],"curies":[{"name":"wp","href":"https:\/\/api.w.org\/{rel}","templated":true}]}}