{"id":102812,"date":"2020-11-06T17:28:32","date_gmt":"2020-11-06T17:28:32","guid":{"rendered":"https:\/\/secretofsamui.com\/politique-de-confidentialite\/"},"modified":"2024-11-07T10:54:14","modified_gmt":"2024-11-07T10:54:14","slug":"politique-de-confidentialite","status":"publish","type":"page","link":"https:\/\/secretofsamui.com\/fr\/politique-de-confidentialite\/","title":{"rendered":"Politique de confidentialit\u00e9"},"content":{"rendered":"<p>[et_pb_section fb_built=\u00a0\u00bb1&Prime; _builder_version=\u00a0\u00bb4.6.6&Prime; _module_preset=\u00a0\u00bbdefault\u00a0\u00bb background_color=\u00a0\u00bb#f2f2f2&Prime; custom_margin=\u00a0\u00bb||||false|false\u00a0\u00bb custom_padding=\u00a0\u00bb128px||128px||true|false\u00a0\u00bb border_color_bottom=\u00a0\u00bbrgba(51,51,51,0.1)\u00a0\u00bb global_module=\u00a0\u00bb97077&Prime;][et_pb_row _builder_version=\u00a0\u00bb4.6.6&Prime; _module_preset=\u00a0\u00bbdefault\u00a0\u00bb][et_pb_column type=\u00a0\u00bb4_4&Prime; _builder_version=\u00a0\u00bb4.6.6&Prime; _module_preset=\u00a0\u00bbdefault\u00a0\u00bb][et_pb_text _builder_version=\u00a0\u00bb4.6.6&Prime; _dynamic_attributes=\u00a0\u00bbcontent\u00a0\u00bb _module_preset=\u00a0\u00bbdefault\u00a0\u00bb text_font=\u00a0\u00bbJost Regular||||||||\u00a0\u00bb text_text_color=\u00a0\u00bb#0a0a0a\u00a0\u00bb text_font_size=\u00a0\u00bb32px\u00a0\u00bb header_font=\u00a0\u00bb||||||||\u00a0\u00bb header_text_align=\u00a0\u00bbcenter\u00a0\u00bb text_orientation=\u00a0\u00bbcenter\u00a0\u00bb custom_margin=\u00a0\u00bb||0px||false|false\u00a0\u00bb]@ET-DC@eyJkeW5hbWljIjp0cnVlLCJjb250ZW50IjoicG9zdF90aXRsZSIsInNldHRpbmdzIjp7ImJlZm9yZSI6IiIsImFmdGVyIjoiIiwiZW5hYmxlX2h0bWwiOiJvZmYifX0=@[\/et_pb_text][\/et_pb_column][\/et_pb_row][\/et_pb_section][et_pb_section fb_built=\u00a0\u00bb1&Prime; _builder_version=\u00a0\u00bb4.6.6&Prime; _module_preset=\u00a0\u00bbdefault\u00a0\u00bb][et_pb_row _builder_version=\u00a0\u00bb4.6.6&Prime; _module_preset=\u00a0\u00bbdefault\u00a0\u00bb max_width=\u00a0\u00bb980px\u00a0\u00bb hover_enabled=\u00a0\u00bb0&Prime; sticky_enabled=\u00a0\u00bb0&Prime;][et_pb_column _builder_version=\u00a0\u00bb4.6.6&Prime; _module_preset=\u00a0\u00bbdefault\u00a0\u00bb type=\u00a0\u00bb4_4&Prime;][et_pb_text _builder_version=\u00a0\u00bb4.6.6&Prime; _module_preset=\u00a0\u00bbdefault\u00a0\u00bb hover_enabled=\u00a0\u00bb0&Prime; sticky_enabled=\u00a0\u00bb0&Prime;]<\/p>\n<h2>Lorem ipsum dolor sit amet, consectetur adipiscing elit.<\/h2>\n<p>Etiam quis lobortis orci. Maecenas dapibus est sit amet orci ultrices bibendum. Phasellus et sollicitudin mi, quis consequat lacus. Les mots sont des mots qui s&rsquo;appliquent bien \u00e0 l&rsquo;ensemble du corps. Quisque gravida mi non est volutpat, eget gravida nisi viverra. Integer sed turpis eget risus tristique eleifend. Etiam a enim laoreet purus rutrum feugiat in non odio. Aliquam tortor nisi, tristique non pellentesque pulvinar, aliquet sit amet mi. Phasellus magna diam, finibus vitae fringilla quis, porttitor quis nunc. In hac habitasse platea dictumst.         <\/p>\n<p>Curabitur eros felis, eleifend sed dui vel, posuere accumsan odio. Cras vehicula arcu venenatis lorem ultricies, sit amet malesuada purus porta. Pellentesque at nisi arcu. Donec consequat justo nec vehicula bibendum. Sed sed tincidunt nisl.    <\/p>\n<h2>Nam non vehicula tortor.<\/h2>\n<p>Lorem ipsum dolor sit amet, consectetur adipiscing elit. In eu mauris id metus pharetra auctor vel sit amet elit. Nunc sollicitudin volutpat velit, nec tincidunt mi pulvinar sed. Aliquam vitae eros suscipit, lobortis ipsum eget, tristique nibh. Sed mattis aliquam nunc, vitae luctus diam condimentum nec. Les gens se sont mis \u00e0 boire et \u00e0 manger, mais ils n&rsquo;ont pas eu le temps de s&rsquo;occuper de l&rsquo;eau. Les mots ne sont pas des mots, mais des mots qui ne sont pas des mots.      <\/p>\n<p>Donec ultrices vehicula libero quis tincidunt. Ut ac tellus ut nunc ultrices blandit. Le corps de l&rsquo;homme a \u00e9t\u00e9 enlev\u00e9 et le corps de l&rsquo;homme a \u00e9t\u00e9 enlev\u00e9. Mauris id mattis felis. Curabitur non gravida justo. Curabitur sagittis volutpat metus, eu laoreet urna. Vivamus enim tellus, tincidunt ac pellentesque id, vulputate ut elit. Donec efficitur, quam at vestibulum malesuada, dolor metus fringilla est, a bibendum eros sapien vel tellus. Proin vel porta urna. Fusce sit amet nibh non risus aliquam sagittis sed vitae arcu. Maecenas ac nibh maximus, porttitor risus in, ultrices purus.          <\/p>\n<h2>Praesent malesuada interdum libero quis venenatis.<\/h2>\n<p>Quisque in purus sed sem varius congue. Cras ornare, purus blandit tincidunt euismod, neque sapien suscipit ex, ut viverra sapien neque vel elit. Vivamus non mi id eros gravida venenatis. In vitae blandit nisi. Ut at nisi vel elit efficitur varius id sed lacus. Duis hendrerit ultrices tempus. Les mots et les gestes ne sont pas toujours clairs, les mots et les gestes ne sont pas toujours clairs, les mots et les gestes ne sont pas toujours clairs, les mots et les gestes ne sont pas toujours clairs. Nunc volutpat suscipit urna non auctor.       <\/p>\n<p>Curabitur pellentesque sapien vel nisi porta congue. Cras consectetur sem est, quis molestie metus accumsan sit amet. Mauris consectetur ac felis in consectetur. Etiam vel ante velit molestie laoreet nec non ipsum. Nunc a tincidunt quam. Proin auctor massa nec mi malesuada, sed sodales odio tincidunt. Mauris mollis sem arcu, a condimentum libero tincidunt id. Mauris ut cursus ex, eget faucibus quam. Le temps est venu de s&rsquo;\u00e9couler, mais il n&rsquo;y a pas eu d&rsquo;effet de surprise. Les enfants sont plus nombreux que les adultes, et les enfants sont plus nombreux que les adultes. Vestibulum nisi sapien, posuere ut venenatis sit amet, ultrices ut dolor. Ut vel quam id odio tincidunt malesuada eget eget enim. Fusce tristique felis sit amet justo finibus, ac condimentum odio sollicitudin. In hac habitasse platea dictumst. Morbi semper tellus ut mauris congue, sit amet pretium metus venenatis. Etiam porta ipsum enim, eu semper nisi dignissim ut.               <\/p>\n<p>[\/et_pb_text][\/et_pb_column][\/et_pb_row][\/et_pb_section]<\/p>\n","protected":false},"excerpt":{"rendered":"<p>Lorem ipsum dolor sit amet, consectetur adipiscing elit. Etiam quis lobortis orci. Maecenas dapibus est sit amet orci ultrices bibendum. Phasellus et sollicitudin mi, quis consequat lacus. Les mots sont des mots qui s&rsquo;appliquent bien \u00e0 l&rsquo;ensemble du corps. Quisque gravida mi non est volutpat, eget gravida nisi viverra. Integer sed turpis eget risus tristique [&hellip;]<\/p>\n","protected":false},"author":1,"featured_media":0,"parent":0,"menu_order":0,"comment_status":"closed","ping_status":"closed","template":"","meta":{"_acf_changed":false,"_et_pb_use_builder":"on","_et_pb_old_content":"","_et_gb_content_width":"","footnotes":""},"class_list":["post-102812","page","type-page","status-publish","hentry"],"acf":[],"yoast_head":"<!-- This site is optimized with the Yoast SEO plugin v27.4 - https:\/\/yoast.com\/product\/yoast-seo-wordpress\/ -->\n<title>Politique de confidentialit\u00e9 - Secret of Samui - Natural and Homemade cosmestic<\/title>\n<meta name=\"robots\" content=\"index, follow, max-snippet:-1, max-image-preview:large, max-video-preview:-1\" \/>\n<link rel=\"canonical\" href=\"https:\/\/secretofsamui.com\/fr\/politique-de-confidentialite\/\" \/>\n<meta property=\"og:locale\" content=\"fr_FR\" \/>\n<meta property=\"og:type\" content=\"article\" \/>\n<meta property=\"og:title\" content=\"Politique de confidentialit\u00e9 - Secret of Samui - Natural and Homemade cosmestic\" \/>\n<meta property=\"og:description\" content=\"Lorem ipsum dolor sit amet, consectetur adipiscing elit. Etiam quis lobortis orci. Maecenas dapibus est sit amet orci ultrices bibendum. Phasellus et sollicitudin mi, quis consequat lacus. Les mots sont des mots qui s&#039;appliquent bien \u00e0 l&#039;ensemble du corps. Quisque gravida mi non est volutpat, eget gravida nisi viverra. Integer sed turpis eget risus tristique [&hellip;]\" \/>\n<meta property=\"og:url\" content=\"https:\/\/secretofsamui.com\/fr\/politique-de-confidentialite\/\" \/>\n<meta property=\"og:site_name\" content=\"Secret of Samui - Natural and Homemade cosmestic\" \/>\n<meta property=\"article:modified_time\" content=\"2024-11-07T10:54:14+00:00\" \/>\n<meta name=\"twitter:card\" content=\"summary_large_image\" \/>\n<meta name=\"twitter:label1\" content=\"Dur\u00e9e de lecture estim\u00e9e\" \/>\n\t<meta name=\"twitter:data1\" content=\"4 minutes\" \/>\n<script type=\"application\/ld+json\" class=\"yoast-schema-graph\">{\"@context\":\"https:\\\/\\\/schema.org\",\"@graph\":[{\"@type\":\"WebPage\",\"@id\":\"https:\\\/\\\/secretofsamui.com\\\/fr\\\/politique-de-confidentialite\\\/\",\"url\":\"https:\\\/\\\/secretofsamui.com\\\/fr\\\/politique-de-confidentialite\\\/\",\"name\":\"Politique de confidentialit\u00e9 - Secret of Samui - Natural and Homemade cosmestic\",\"isPartOf\":{\"@id\":\"https:\\\/\\\/secretofsamui.com\\\/fr\\\/#website\"},\"datePublished\":\"2020-11-06T17:28:32+00:00\",\"dateModified\":\"2024-11-07T10:54:14+00:00\",\"breadcrumb\":{\"@id\":\"https:\\\/\\\/secretofsamui.com\\\/fr\\\/politique-de-confidentialite\\\/#breadcrumb\"},\"inLanguage\":\"fr-FR\",\"potentialAction\":[{\"@type\":\"ReadAction\",\"target\":[\"https:\\\/\\\/secretofsamui.com\\\/fr\\\/politique-de-confidentialite\\\/\"]}]},{\"@type\":\"BreadcrumbList\",\"@id\":\"https:\\\/\\\/secretofsamui.com\\\/fr\\\/politique-de-confidentialite\\\/#breadcrumb\",\"itemListElement\":[{\"@type\":\"ListItem\",\"position\":1,\"name\":\"Home\",\"item\":\"https:\\\/\\\/secretofsamui.com\\\/fr\\\/accueil\\\/\"},{\"@type\":\"ListItem\",\"position\":2,\"name\":\"Politique de confidentialit\u00e9\"}]},{\"@type\":\"WebSite\",\"@id\":\"https:\\\/\\\/secretofsamui.com\\\/fr\\\/#website\",\"url\":\"https:\\\/\\\/secretofsamui.com\\\/fr\\\/\",\"name\":\"Secret of Samui - Natural and Homemade cosmestic\",\"description\":\"\",\"potentialAction\":[{\"@type\":\"SearchAction\",\"target\":{\"@type\":\"EntryPoint\",\"urlTemplate\":\"https:\\\/\\\/secretofsamui.com\\\/fr\\\/?s={search_term_string}\"},\"query-input\":{\"@type\":\"PropertyValueSpecification\",\"valueRequired\":true,\"valueName\":\"search_term_string\"}}],\"inLanguage\":\"fr-FR\"}]}<\/script>\n<!-- \/ Yoast SEO plugin. -->","yoast_head_json":{"title":"Politique de confidentialit\u00e9 - Secret of Samui - Natural and Homemade cosmestic","robots":{"index":"index","follow":"follow","max-snippet":"max-snippet:-1","max-image-preview":"max-image-preview:large","max-video-preview":"max-video-preview:-1"},"canonical":"https:\/\/secretofsamui.com\/fr\/politique-de-confidentialite\/","og_locale":"fr_FR","og_type":"article","og_title":"Politique de confidentialit\u00e9 - Secret of Samui - Natural and Homemade cosmestic","og_description":"Lorem ipsum dolor sit amet, consectetur adipiscing elit. Etiam quis lobortis orci. Maecenas dapibus est sit amet orci ultrices bibendum. Phasellus et sollicitudin mi, quis consequat lacus. Les mots sont des mots qui s'appliquent bien \u00e0 l'ensemble du corps. Quisque gravida mi non est volutpat, eget gravida nisi viverra. Integer sed turpis eget risus tristique [&hellip;]","og_url":"https:\/\/secretofsamui.com\/fr\/politique-de-confidentialite\/","og_site_name":"Secret of Samui - Natural and Homemade cosmestic","article_modified_time":"2024-11-07T10:54:14+00:00","twitter_card":"summary_large_image","twitter_misc":{"Dur\u00e9e de lecture estim\u00e9e":"4 minutes"},"schema":{"@context":"https:\/\/schema.org","@graph":[{"@type":"WebPage","@id":"https:\/\/secretofsamui.com\/fr\/politique-de-confidentialite\/","url":"https:\/\/secretofsamui.com\/fr\/politique-de-confidentialite\/","name":"Politique de confidentialit\u00e9 - Secret of Samui - Natural and Homemade cosmestic","isPartOf":{"@id":"https:\/\/secretofsamui.com\/fr\/#website"},"datePublished":"2020-11-06T17:28:32+00:00","dateModified":"2024-11-07T10:54:14+00:00","breadcrumb":{"@id":"https:\/\/secretofsamui.com\/fr\/politique-de-confidentialite\/#breadcrumb"},"inLanguage":"fr-FR","potentialAction":[{"@type":"ReadAction","target":["https:\/\/secretofsamui.com\/fr\/politique-de-confidentialite\/"]}]},{"@type":"BreadcrumbList","@id":"https:\/\/secretofsamui.com\/fr\/politique-de-confidentialite\/#breadcrumb","itemListElement":[{"@type":"ListItem","position":1,"name":"Home","item":"https:\/\/secretofsamui.com\/fr\/accueil\/"},{"@type":"ListItem","position":2,"name":"Politique de confidentialit\u00e9"}]},{"@type":"WebSite","@id":"https:\/\/secretofsamui.com\/fr\/#website","url":"https:\/\/secretofsamui.com\/fr\/","name":"Secret of Samui - Natural and Homemade cosmestic","description":"","potentialAction":[{"@type":"SearchAction","target":{"@type":"EntryPoint","urlTemplate":"https:\/\/secretofsamui.com\/fr\/?s={search_term_string}"},"query-input":{"@type":"PropertyValueSpecification","valueRequired":true,"valueName":"search_term_string"}}],"inLanguage":"fr-FR"}]}},"_links":{"self":[{"href":"https:\/\/secretofsamui.com\/fr\/wp-json\/wp\/v2\/pages\/102812","targetHints":{"allow":["GET"]}}],"collection":[{"href":"https:\/\/secretofsamui.com\/fr\/wp-json\/wp\/v2\/pages"}],"about":[{"href":"https:\/\/secretofsamui.com\/fr\/wp-json\/wp\/v2\/types\/page"}],"author":[{"embeddable":true,"href":"https:\/\/secretofsamui.com\/fr\/wp-json\/wp\/v2\/users\/1"}],"replies":[{"embeddable":true,"href":"https:\/\/secretofsamui.com\/fr\/wp-json\/wp\/v2\/comments?post=102812"}],"version-history":[{"count":2,"href":"https:\/\/secretofsamui.com\/fr\/wp-json\/wp\/v2\/pages\/102812\/revisions"}],"predecessor-version":[{"id":102816,"href":"https:\/\/secretofsamui.com\/fr\/wp-json\/wp\/v2\/pages\/102812\/revisions\/102816"}],"wp:attachment":[{"href":"https:\/\/secretofsamui.com\/fr\/wp-json\/wp\/v2\/media?parent=102812"}],"curies":[{"name":"wp","href":"https:\/\/api.w.org\/{rel}","templated":true}]}}