{"id":102811,"date":"2024-07-19T04:14:17","date_gmt":"2024-07-18T21:14:17","guid":{"rendered":"https:\/\/secretofsamui.com\/le-secret-de-samui\/"},"modified":"2024-11-12T08:09:10","modified_gmt":"2024-11-12T08:09:10","slug":"secret-of-samui","status":"publish","type":"page","link":"https:\/\/secretofsamui.com\/fr\/secret-of-samui\/","title":{"rendered":"Secret of Samui"},"content":{"rendered":"<p>[et_pb_section fb_built=\u00a0\u00bb1&Prime; _builder_version=\u00a0\u00bb4.27.0&Prime; _module_preset=\u00a0\u00bbdefault\u00a0\u00bb background_enable_color=\u00a0\u00bboff\u00a0\u00bb use_background_color_gradient=\u00a0\u00bbon\u00a0\u00bb background_color_gradient_stops=\u00a0\u00bbrgba(255,255,255,0.96) 0%|rgba(255,255,255,0) 100%\u00a0\u00bb background_color_gradient_overlays_image=\u00a0\u00bbon\u00a0\u00bb background_image=\u00a0\u00bbhttps:\/\/secretofsamui.com\/wp-content\/uploads\/2024\/08\/secret-of-samui.jpg\u00a0\u00bb custom_margin=\u00a0\u00bb0px||0px||false|false\u00a0\u00bb custom_padding=\u00a0\u00bb0px||0px||true|false\u00a0\u00bb global_colors_info=\u00a0\u00bb{}\u00a0\u00bb][et_pb_row make_equal=\u00a0\u00bbon\u00a0\u00bb custom_padding_last_edited=\u00a0\u00bbon|tablet\u00a0\u00bb _builder_version=\u00a0\u00bb4.27.0&Prime; _module_preset=\u00a0\u00bbdefault\u00a0\u00bb width=\u00a0\u00bb100%\u00a0\u00bb max_width=\u00a0\u00bb2560px\u00a0\u00bb custom_margin=\u00a0\u00bb0px||0px||false|false\u00a0\u00bb custom_padding=\u00a0\u00bb10vh||20vh||false|false\u00a0\u00bb custom_padding_tablet=\u00a0\u00bb10vh||20vh||false|false\u00a0\u00bb custom_padding_phone=\u00a0\u00bb4vh||20vh||false|false\u00a0\u00bb global_colors_info=\u00a0\u00bb{}\u00a0\u00bb][et_pb_column type=\u00a0\u00bb4_4&Prime; _builder_version=\u00a0\u00bb4.16&Prime; _module_preset=\u00a0\u00bbdefault\u00a0\u00bb custom_padding=\u00a0\u00bb200px|10%||10%|false|false\u00a0\u00bb animation_style=\u00a0\u00bbslide\u00a0\u00bb animation_direction=\u00a0\u00bbleft\u00a0\u00bb animation_intensity_slide=\u00a0\u00bb10%\u00a0\u00bb global_colors_info=\u00a0\u00bb{}\u00a0\u00bb][et_pb_text _builder_version=\u00a0\u00bb4.27.0&Prime; _module_preset=\u00a0\u00bbdefault\u00a0\u00bb header_text_color=\u00a0\u00bb#0a0a0a\u00a0\u00bb header_font_size=\u00a0\u00bb50px\u00a0\u00bb header_font_size_tablet=\u00a0\u00bb45px\u00a0\u00bb header_font_size_phone=\u00a0\u00bb35px\u00a0\u00bb header_font_size_last_edited=\u00a0\u00bbon|phone\u00a0\u00bb global_colors_info=\u00a0\u00bb{}\u00a0\u00bb]<\/p>\n<h1>Secret of Samui<\/h1>\n<p>[\/et_pb_text][et_pb_divider _builder_version=\u00a0\u00bb4.27.0&Prime; _module_preset=\u00a0\u00bbdefault\u00a0\u00bb width=\u00a0\u00bb30px\u00a0\u00bb custom_margin=\u00a0\u00bb||0px||false|false\u00a0\u00bb custom_padding=\u00a0\u00bb||0px||false|false\u00a0\u00bb global_colors_info=\u00a0\u00bb{}\u00a0\u00bb][\/et_pb_divider][et_pb_text _builder_version=\u00a0\u00bb4.27.0&Prime; _module_preset=\u00a0\u00bbdefault\u00a0\u00bb text_text_color=\u00a0\u00bb#0A0A0A\u00a0\u00bb text_font_size=\u00a0\u00bb21px\u00a0\u00bb text_line_height=\u00a0\u00bb1.6em\u00a0\u00bb width=\u00a0\u00bb95%\u00a0\u00bb max_width=\u00a0\u00bb700px\u00a0\u00bb text_font_size_tablet=\u00a0\u00bb19px\u00a0\u00bb text_font_size_phone=\u00a0\u00bb18px\u00a0\u00bb text_font_size_last_edited=\u00a0\u00bbon|phone\u00a0\u00bb global_colors_info=\u00a0\u00bb{}\u00a0\u00bb text_font_size__hover_enabled=\u00a0\u00bboff|desktop\u00a0\u00bb]<\/p>\n<p>D\u00e9couvrez les secrets de la beaut\u00e9 naturelle \u00e0 Fisherman&rsquo;s Village, le joyau de Koh Samui.<\/p>\n<p>[\/et_pb_text][\/et_pb_column][\/et_pb_row][\/et_pb_section][et_pb_section fb_built=\u00a0\u00bb1&Prime; custom_padding_last_edited=\u00a0\u00bbon|tablet\u00a0\u00bb _builder_version=\u00a0\u00bb4.27.2&Prime; _module_preset=\u00a0\u00bbdefault\u00a0\u00bb custom_padding=\u00a0\u00bb7vh||7vh||true|false\u00a0\u00bb custom_padding_tablet=\u00a0\u00bb4vh||4vh||true|false\u00a0\u00bb custom_padding_phone=\u00a0\u00bb4vh||4vh||true|false\u00a0\u00bb global_colors_info=\u00a0\u00bb{}\u00a0\u00bb][et_pb_row column_structure=\u00a0\u00bb1_2,1_2&Prime; module_class=\u00a0\u00bbinverse\u00a0\u00bb _builder_version=\u00a0\u00bb4.27.2&Prime; _module_preset=\u00a0\u00bbdefault\u00a0\u00bb width=\u00a0\u00bb95%\u00a0\u00bb custom_padding=\u00a0\u00bb||||false|false\u00a0\u00bb hover_enabled=\u00a0\u00bb0&Prime; global_colors_info=\u00a0\u00bb{}\u00a0\u00bb sticky_enabled=\u00a0\u00bb0&Prime;][et_pb_column type=\u00a0\u00bb1_2&Prime; _builder_version=\u00a0\u00bb4.27.2&Prime; _module_preset=\u00a0\u00bbdefault\u00a0\u00bb global_colors_info=\u00a0\u00bb{}\u00a0\u00bb][et_pb_image src=\u00a0\u00bbhttps:\/\/secretofsamui.com\/wp-content\/uploads\/2024\/10\/secret-of-samui-shop-e1728630243144.jpeg\u00a0\u00bb alt=\u00a0\u00bbSecret of Samui\u00a0\u00bb title_text=\u00a0\u00bbSecret of Samui\u00a0\u00bb align=\u00a0\u00bbcenter\u00a0\u00bb force_fullwidth=\u00a0\u00bbon\u00a0\u00bb _builder_version=\u00a0\u00bb4.27.2&Prime; _module_preset=\u00a0\u00bbdefault\u00a0\u00bb animation_style=\u00a0\u00bbslide\u00a0\u00bb animation_intensity_slide=\u00a0\u00bb10%\u00a0\u00bb global_colors_info=\u00a0\u00bb{}\u00a0\u00bb][\/et_pb_image][\/et_pb_column][et_pb_column type=\u00a0\u00bb1_2&Prime; _builder_version=\u00a0\u00bb4.27.2&Prime; _module_preset=\u00a0\u00bbdefault\u00a0\u00bb animation_style=\u00a0\u00bbslide\u00a0\u00bb animation_direction=\u00a0\u00bbright\u00a0\u00bb animation_intensity_slide=\u00a0\u00bb10%\u00a0\u00bb hover_enabled=\u00a0\u00bb0&Prime; global_colors_info=\u00a0\u00bb{}\u00a0\u00bb sticky_enabled=\u00a0\u00bb0&Prime;][et_pb_text _builder_version=\u00a0\u00bb4.27.2&Prime; _module_preset=\u00a0\u00bbdefault\u00a0\u00bb text_letter_spacing=\u00a0\u00bb2px\u00a0\u00bb custom_margin=\u00a0\u00bb20px||||false|false\u00a0\u00bb custom_margin_tablet=\u00a0\u00bb0px||||false|false\u00a0\u00bb custom_margin_phone=\u00a0\u00bb\u00a0\u00bb custom_margin_last_edited=\u00a0\u00bbon|phone\u00a0\u00bb header_2_text_align_tablet=\u00a0\u00bbcenter\u00a0\u00bb header_2_text_align_phone=\u00a0\u00bb\u00a0\u00bb header_2_text_align_last_edited=\u00a0\u00bbon|tablet\u00a0\u00bb global_colors_info=\u00a0\u00bb{}\u00a0\u00bb]<\/p>\n<h2>Notre boutique \u00e0 Fisherman Village<\/h2>\n<p>[\/et_pb_text][et_pb_divider _builder_version=\u00a0\u00bb4.16&Prime; _module_preset=\u00a0\u00bbdefault\u00a0\u00bb width=\u00a0\u00bb30px\u00a0\u00bb module_alignment_tablet=\u00a0\u00bbcenter\u00a0\u00bb module_alignment_phone=\u00a0\u00bb\u00a0\u00bb module_alignment_last_edited=\u00a0\u00bbon|tablet\u00a0\u00bb global_colors_info=\u00a0\u00bb{}\u00a0\u00bb][\/et_pb_divider][et_pb_text _builder_version=\u00a0\u00bb4.27.2&Prime; _module_preset=\u00a0\u00bbdefault\u00a0\u00bb custom_margin=\u00a0\u00bb||35px|||\u00a0\u00bb text_orientation_tablet=\u00a0\u00bbleft\u00a0\u00bb text_orientation_phone=\u00a0\u00bbleft\u00a0\u00bb text_orientation_last_edited=\u00a0\u00bbon|phone\u00a0\u00bb global_colors_info=\u00a0\u00bb{}\u00a0\u00bb]<\/p>\n<p>Nich\u00e9e \u00e0 l&rsquo;entr\u00e9e du dynamique Fisherman&rsquo;s Village, notre <strong>boutique Secret of Samui<\/strong> vous invite \u00e0 p\u00e9n\u00e9trer dans un monde de <a href=\"https:\/\/secretofsamui.com\/fr\/produits-naturels-et-biologiques\/\">beaut\u00e9 naturelle<\/a> et d&rsquo;<strong>\u00e9l\u00e9gance tha\u00eflandaise<\/strong> authentique. Situ\u00e9e dans l&rsquo;un des quartiers les plus embl\u00e9matiques et les plus charmants de Koh Samui, notre boutique est plus qu&rsquo;un simple magasin, c&rsquo;est une exp\u00e9rience. <\/p>\n<p>En franchissant les portes, vous serez accueilli par les <strong>parfums apaisants des fleurs tha\u00eflandaises locales<\/strong>, de la noix de coco et de la citronnelle, les ingr\u00e9dients m\u00eames qui forment le c\u0153ur de notre gamme de produits exclusifs. Notre boutique pr\u00e9sente la collection compl\u00e8te des produits Secret of Samui, tous fabriqu\u00e9s avec soin \u00e0 partir d&rsquo;ingr\u00e9dients naturels d&rsquo;origine locale qui c\u00e9l\u00e8brent la <strong>riche biodiversit\u00e9 de la Tha\u00eflande<\/strong>. <\/p>\n<p>Que vous soyez \u00e0 la recherche d&rsquo;un cadeau unique, d&rsquo;une attention particuli\u00e8re pour vous-m\u00eame ou que vous souhaitiez simplement explorer les <strong>secrets de la beaut\u00e9 naturelle de Koh Samui<\/strong>, notre personnel comp\u00e9tent et amical est l\u00e0 pour vous guider. Ils vous aideront \u00e0 d\u00e9couvrir le produit id\u00e9al pour r\u00e9pondre \u00e0 vos besoins et feront en sorte que votre visite soit \u00e0 la fois agr\u00e9able et m\u00e9morable. <\/p>\n<p>Chez <strong>Secret of Samui<\/strong>, nous croyons au pouvoir de la nature sur la beaut\u00e9 et le bien-\u00eatre. Notre boutique <strong>Fisherman&rsquo;s Village<\/strong> est l&rsquo;endroit id\u00e9al pour explorer cette croyance, en vous offrant une retraite paisible o\u00f9 vous pourrez vous reconnecter avec les <a href=\"https:\/\/secretofsamui.com\/fr\/faits-maison-en-thailande\/\">merveilles naturelles de la Tha\u00eflande<\/a>. <\/p>\n<p>Venez d\u00e9couvrir le secret par vous-m\u00eame au Fisherman&rsquo;s Village, o\u00f9 <strong>la beaut\u00e9 naturelle rencontre la tradition tha\u00eflandaise<\/strong>.<\/p>\n<p>[\/et_pb_text][et_pb_button button_url=\u00a0\u00bbhttps:\/\/secretofsamui.com\/fr\/category\/soins-de-beaute\/\u00a0\u00bb button_text=\u00a0\u00bbD\u00e9couvrez nos produits\u00a0\u00bb button_alignment_tablet=\u00a0\u00bbcenter\u00a0\u00bb button_alignment_last_edited=\u00a0\u00bboff|desktop\u00a0\u00bb _builder_version=\u00a0\u00bb4.27.2&Prime; _module_preset=\u00a0\u00bbdefault\u00a0\u00bb button_border_color=\u00a0\u00bb#EF6F00&Prime; position_origin_a=\u00a0\u00bbbottom_center\u00a0\u00bb background_layout=\u00a0\u00bbdark\u00a0\u00bb custom_margin=\u00a0\u00bb||10px||false|false\u00a0\u00bb custom_margin_tablet=\u00a0\u00bb||15px||false|false\u00a0\u00bb custom_margin_phone=\u00a0\u00bb||30px||false|false\u00a0\u00bb custom_margin_last_edited=\u00a0\u00bbon|phone\u00a0\u00bb custom_padding=\u00a0\u00bb|40px||40px|false|true\u00a0\u00bb hover_enabled=\u00a0\u00bb0&Prime; custom_css_main_element=\u00a0\u00bbdisplay: block;||margin: 0 auto;||align-text: center;\u00a0\u00bb locked=\u00a0\u00bboff\u00a0\u00bb global_colors_info=\u00a0\u00bb{}\u00a0\u00bb sticky_enabled=\u00a0\u00bb0&Prime;][\/et_pb_button][\/et_pb_column][\/et_pb_row][et_pb_row _builder_version=\u00a0\u00bb4.27.2&Prime; _module_preset=\u00a0\u00bbdefault\u00a0\u00bb width=\u00a0\u00bb95%\u00a0\u00bb custom_padding=\u00a0\u00bb||||false|false\u00a0\u00bb global_colors_info=\u00a0\u00bb{}\u00a0\u00bb][et_pb_column type=\u00a0\u00bb4_4&Prime; _builder_version=\u00a0\u00bb4.27.0&Prime; _module_preset=\u00a0\u00bbdefault\u00a0\u00bb animation_style=\u00a0\u00bbslide\u00a0\u00bb animation_direction=\u00a0\u00bbright\u00a0\u00bb animation_intensity_slide=\u00a0\u00bb10%\u00a0\u00bb global_colors_info=\u00a0\u00bb{}\u00a0\u00bb][et_pb_text _builder_version=\u00a0\u00bb4.27.0&Prime; _module_preset=\u00a0\u00bbdefault\u00a0\u00bb text_letter_spacing=\u00a0\u00bb2px\u00a0\u00bb header_2_text_align=\u00a0\u00bbcenter\u00a0\u00bb custom_margin=\u00a0\u00bb||||false|false\u00a0\u00bb custom_margin_tablet=\u00a0\u00bb0px||||false|false\u00a0\u00bb custom_margin_last_edited=\u00a0\u00bboff|desktop\u00a0\u00bb header_2_text_align_tablet=\u00a0\u00bbcenter\u00a0\u00bb header_2_text_align_last_edited=\u00a0\u00bboff|desktop\u00a0\u00bb global_colors_info=\u00a0\u00bb{}\u00a0\u00bb]<\/p>\n<h2>Localisation de Secret of Samui[\/et_pb_text][et_pb_divider _builder_version=\u00a0\u00bb4.27.0&Prime; _module_preset=\u00a0\u00bbdefault\u00a0\u00bb width=\u00a0\u00bb30px\u00a0\u00bb module_alignment=\u00a0\u00bbcenter\u00a0\u00bb module_alignment_tablet=\u00a0\u00bbcenter\u00a0\u00bb module_alignment_last_edited=\u00a0\u00bboff|desktop\u00a0\u00bb global_colors_info=\u00a0\u00bb{}\u00a0\u00bb][\/et_pb_divider][et_pb_text _builder_version=\u00a0\u00bb4.27.0&Prime; _module_preset=\u00a0\u00bbdefault\u00a0\u00bb custom_margin=\u00a0\u00bb||||false|false\u00a0\u00bb text_orientation_tablet=\u00a0\u00bbcenter\u00a0\u00bb text_orientation_phone=\u00a0\u00bb\u00a0\u00bb text_orientation_last_edited=\u00a0\u00bbon|tablet\u00a0\u00bb global_colors_info=\u00a0\u00bb{}\u00a0\u00bb]<iframe src=\"https:\/\/www.google.com\/maps\/embed?pb=!1m14!1m8!1m3!1d15737.722445930774!2d100.031163!3d9.5580978!3m2!1i1024!2i768!4f13.1!3m3!1m2!1s0x3054f1cdab9a488f%3A0x7d4376dc4bf565fd!2sSecret%20of%20Samui!5e0!3m2!1sfr!2sth!4v1724299158400!5m2!1sfr!2sth\" width=\"100%\" height=\"450\" style=\"border:0;\" allowfullscreen=\"\" loading=\"lazy\" referrerpolicy=\"no-referrer-when-downgrade\"><\/iframe>[\/et_pb_text][\/et_pb_column][\/et_pb_row][\/et_pb_section]<\/p>\n","protected":false},"excerpt":{"rendered":"<p>Secret of SamuiD\u00e9couvrez les secrets de la beaut\u00e9 naturelle \u00e0 Fisherman&rsquo;s Village, le joyau de Koh Samui.Notre boutique \u00e0 Fisherman VillageNich\u00e9e \u00e0 l&rsquo;entr\u00e9e du dynamique Fisherman&rsquo;s Village, notre boutique Secret of Samui vous invite \u00e0 p\u00e9n\u00e9trer dans un monde de beaut\u00e9 naturelle et d&rsquo;\u00e9l\u00e9gance tha\u00eflandaise authentique. Situ\u00e9e dans l&rsquo;un des quartiers les plus embl\u00e9matiques et [&hellip;]<\/p>\n","protected":false},"author":1,"featured_media":0,"parent":0,"menu_order":0,"comment_status":"closed","ping_status":"closed","template":"","meta":{"_acf_changed":false,"_et_pb_use_builder":"on","_et_pb_old_content":"","_et_gb_content_width":"","footnotes":""},"class_list":["post-102811","page","type-page","status-publish","hentry"],"acf":[],"yoast_head":"<!-- This site is optimized with the Yoast SEO plugin v27.2 - https:\/\/yoast.com\/product\/yoast-seo-wordpress\/ -->\n<title>Secret of Samui - Natural and Homemade cosmestic<\/title>\n<meta name=\"description\" content=\"Nich\u00e9e \u00e0 l&#039;entr\u00e9e de Fisherman&#039;s Village, notre boutique Secret of Samui vous invite \u00e0 p\u00e9n\u00e9trer dans un monde de beaut\u00e9 naturelle et d&#039;authenticit\u00e9.\" \/>\n<meta name=\"robots\" content=\"index, follow, max-snippet:-1, max-image-preview:large, max-video-preview:-1\" \/>\n<link rel=\"canonical\" href=\"https:\/\/secretofsamui.com\/fr\/secret-of-samui\/\" \/>\n<meta property=\"og:locale\" content=\"fr_FR\" \/>\n<meta property=\"og:type\" content=\"article\" \/>\n<meta property=\"og:title\" content=\"Secret of Samui - Natural and Homemade cosmestic\" \/>\n<meta property=\"og:description\" content=\"Nich\u00e9e \u00e0 l&#039;entr\u00e9e de Fisherman&#039;s Village, notre boutique Secret of Samui vous invite \u00e0 p\u00e9n\u00e9trer dans un monde de beaut\u00e9 naturelle et d&#039;authenticit\u00e9.\" \/>\n<meta property=\"og:url\" content=\"https:\/\/secretofsamui.com\/fr\/secret-of-samui\/\" \/>\n<meta property=\"og:site_name\" content=\"Secret of Samui - Natural and Homemade cosmestic\" \/>\n<meta property=\"article:modified_time\" content=\"2024-11-12T08:09:10+00:00\" \/>\n<meta name=\"twitter:card\" content=\"summary_large_image\" \/>\n<meta name=\"twitter:label1\" content=\"Dur\u00e9e de lecture estim\u00e9e\" \/>\n\t<meta name=\"twitter:data1\" content=\"5 minutes\" \/>\n<script type=\"application\/ld+json\" class=\"yoast-schema-graph\">{\"@context\":\"https:\/\/schema.org\",\"@graph\":[{\"@type\":\"WebPage\",\"@id\":\"https:\/\/secretofsamui.com\/fr\/secret-of-samui\/\",\"url\":\"https:\/\/secretofsamui.com\/fr\/secret-of-samui\/\",\"name\":\"Secret of Samui - Natural and Homemade cosmestic\",\"isPartOf\":{\"@id\":\"https:\/\/secretofsamui.com\/fr\/#website\"},\"datePublished\":\"2024-07-18T21:14:17+00:00\",\"dateModified\":\"2024-11-12T08:09:10+00:00\",\"description\":\"Nich\u00e9e \u00e0 l'entr\u00e9e de Fisherman's Village, notre boutique Secret of Samui vous invite \u00e0 p\u00e9n\u00e9trer dans un monde de beaut\u00e9 naturelle et d'authenticit\u00e9.\",\"breadcrumb\":{\"@id\":\"https:\/\/secretofsamui.com\/fr\/secret-of-samui\/#breadcrumb\"},\"inLanguage\":\"fr-FR\",\"potentialAction\":[{\"@type\":\"ReadAction\",\"target\":[\"https:\/\/secretofsamui.com\/fr\/secret-of-samui\/\"]}]},{\"@type\":\"BreadcrumbList\",\"@id\":\"https:\/\/secretofsamui.com\/fr\/secret-of-samui\/#breadcrumb\",\"itemListElement\":[{\"@type\":\"ListItem\",\"position\":1,\"name\":\"Home\",\"item\":\"https:\/\/secretofsamui.com\/fr\/accueil\/\"},{\"@type\":\"ListItem\",\"position\":2,\"name\":\"Secret of Samui\"}]},{\"@type\":\"WebSite\",\"@id\":\"https:\/\/secretofsamui.com\/fr\/#website\",\"url\":\"https:\/\/secretofsamui.com\/fr\/\",\"name\":\"Secret of Samui - Natural and Homemade cosmestic\",\"description\":\"\",\"potentialAction\":[{\"@type\":\"SearchAction\",\"target\":{\"@type\":\"EntryPoint\",\"urlTemplate\":\"https:\/\/secretofsamui.com\/fr\/?s={search_term_string}\"},\"query-input\":{\"@type\":\"PropertyValueSpecification\",\"valueRequired\":true,\"valueName\":\"search_term_string\"}}],\"inLanguage\":\"fr-FR\"}]}<\/script>\n<!-- \/ Yoast SEO plugin. -->","yoast_head_json":{"title":"Secret of Samui - Natural and Homemade cosmestic","description":"Nich\u00e9e \u00e0 l'entr\u00e9e de Fisherman's Village, notre boutique Secret of Samui vous invite \u00e0 p\u00e9n\u00e9trer dans un monde de beaut\u00e9 naturelle et d'authenticit\u00e9.","robots":{"index":"index","follow":"follow","max-snippet":"max-snippet:-1","max-image-preview":"max-image-preview:large","max-video-preview":"max-video-preview:-1"},"canonical":"https:\/\/secretofsamui.com\/fr\/secret-of-samui\/","og_locale":"fr_FR","og_type":"article","og_title":"Secret of Samui - Natural and Homemade cosmestic","og_description":"Nich\u00e9e \u00e0 l'entr\u00e9e de Fisherman's Village, notre boutique Secret of Samui vous invite \u00e0 p\u00e9n\u00e9trer dans un monde de beaut\u00e9 naturelle et d'authenticit\u00e9.","og_url":"https:\/\/secretofsamui.com\/fr\/secret-of-samui\/","og_site_name":"Secret of Samui - Natural and Homemade cosmestic","article_modified_time":"2024-11-12T08:09:10+00:00","twitter_card":"summary_large_image","twitter_misc":{"Dur\u00e9e de lecture estim\u00e9e":"5 minutes"},"schema":{"@context":"https:\/\/schema.org","@graph":[{"@type":"WebPage","@id":"https:\/\/secretofsamui.com\/fr\/secret-of-samui\/","url":"https:\/\/secretofsamui.com\/fr\/secret-of-samui\/","name":"Secret of Samui - Natural and Homemade cosmestic","isPartOf":{"@id":"https:\/\/secretofsamui.com\/fr\/#website"},"datePublished":"2024-07-18T21:14:17+00:00","dateModified":"2024-11-12T08:09:10+00:00","description":"Nich\u00e9e \u00e0 l'entr\u00e9e de Fisherman's Village, notre boutique Secret of Samui vous invite \u00e0 p\u00e9n\u00e9trer dans un monde de beaut\u00e9 naturelle et d'authenticit\u00e9.","breadcrumb":{"@id":"https:\/\/secretofsamui.com\/fr\/secret-of-samui\/#breadcrumb"},"inLanguage":"fr-FR","potentialAction":[{"@type":"ReadAction","target":["https:\/\/secretofsamui.com\/fr\/secret-of-samui\/"]}]},{"@type":"BreadcrumbList","@id":"https:\/\/secretofsamui.com\/fr\/secret-of-samui\/#breadcrumb","itemListElement":[{"@type":"ListItem","position":1,"name":"Home","item":"https:\/\/secretofsamui.com\/fr\/accueil\/"},{"@type":"ListItem","position":2,"name":"Secret of Samui"}]},{"@type":"WebSite","@id":"https:\/\/secretofsamui.com\/fr\/#website","url":"https:\/\/secretofsamui.com\/fr\/","name":"Secret of Samui - Natural and Homemade cosmestic","description":"","potentialAction":[{"@type":"SearchAction","target":{"@type":"EntryPoint","urlTemplate":"https:\/\/secretofsamui.com\/fr\/?s={search_term_string}"},"query-input":{"@type":"PropertyValueSpecification","valueRequired":true,"valueName":"search_term_string"}}],"inLanguage":"fr-FR"}]}},"_links":{"self":[{"href":"https:\/\/secretofsamui.com\/fr\/wp-json\/wp\/v2\/pages\/102811","targetHints":{"allow":["GET"]}}],"collection":[{"href":"https:\/\/secretofsamui.com\/fr\/wp-json\/wp\/v2\/pages"}],"about":[{"href":"https:\/\/secretofsamui.com\/fr\/wp-json\/wp\/v2\/types\/page"}],"author":[{"embeddable":true,"href":"https:\/\/secretofsamui.com\/fr\/wp-json\/wp\/v2\/users\/1"}],"replies":[{"embeddable":true,"href":"https:\/\/secretofsamui.com\/fr\/wp-json\/wp\/v2\/comments?post=102811"}],"version-history":[{"count":9,"href":"https:\/\/secretofsamui.com\/fr\/wp-json\/wp\/v2\/pages\/102811\/revisions"}],"predecessor-version":[{"id":103252,"href":"https:\/\/secretofsamui.com\/fr\/wp-json\/wp\/v2\/pages\/102811\/revisions\/103252"}],"wp:attachment":[{"href":"https:\/\/secretofsamui.com\/fr\/wp-json\/wp\/v2\/media?parent=102811"}],"curies":[{"name":"wp","href":"https:\/\/api.w.org\/{rel}","templated":true}]}}