{"id":102802,"date":"2024-07-19T04:14:34","date_gmt":"2024-07-18T21:14:34","guid":{"rendered":"https:\/\/secretofsamui.com\/le-secret-de-phangan\/"},"modified":"2024-11-12T09:16:15","modified_gmt":"2024-11-12T09:16:15","slug":"secret-of-phangan","status":"publish","type":"page","link":"https:\/\/secretofsamui.com\/fr\/secret-of-phangan\/","title":{"rendered":"Secret of Phangan"},"content":{"rendered":"<p>[et_pb_section fb_built=\u00a0\u00bb1&Prime; _builder_version=\u00a0\u00bb4.27.0&Prime; _module_preset=\u00a0\u00bbdefault\u00a0\u00bb background_enable_color=\u00a0\u00bboff\u00a0\u00bb use_background_color_gradient=\u00a0\u00bbon\u00a0\u00bb background_color_gradient_stops=\u00a0\u00bbrgba(255,255,255,0.96) 22%|rgba(255,255,255,0) 100%\u00a0\u00bb background_color_gradient_overlays_image=\u00a0\u00bbon\u00a0\u00bb background_image=\u00a0\u00bbhttps:\/\/secretofsamui.com\/wp-content\/uploads\/2024\/09\/elizabeth-gottwald-oacWGBoBQ98-unsplash-scaled.jpg\u00a0\u00bb custom_margin=\u00a0\u00bb0px||0px||false|false\u00a0\u00bb custom_padding=\u00a0\u00bb0px||0px||true|false\u00a0\u00bb global_colors_info=\u00a0\u00bb{}\u00a0\u00bb][et_pb_row make_equal=\u00a0\u00bbon\u00a0\u00bb custom_padding_last_edited=\u00a0\u00bbon|tablet\u00a0\u00bb _builder_version=\u00a0\u00bb4.27.0&Prime; _module_preset=\u00a0\u00bbdefault\u00a0\u00bb width=\u00a0\u00bb100%\u00a0\u00bb max_width=\u00a0\u00bb2560px\u00a0\u00bb custom_margin=\u00a0\u00bb0px||0px||false|false\u00a0\u00bb custom_padding=\u00a0\u00bb10vh||20vh||false|false\u00a0\u00bb custom_padding_tablet=\u00a0\u00bb10vh||20vh||false|false\u00a0\u00bb custom_padding_phone=\u00a0\u00bb4vh||20vh||false|false\u00a0\u00bb global_colors_info=\u00a0\u00bb{}\u00a0\u00bb][et_pb_column type=\u00a0\u00bb4_4&Prime; _builder_version=\u00a0\u00bb4.16&Prime; _module_preset=\u00a0\u00bbdefault\u00a0\u00bb custom_padding=\u00a0\u00bb200px|10%||10%|false|false\u00a0\u00bb animation_style=\u00a0\u00bbslide\u00a0\u00bb animation_direction=\u00a0\u00bbleft\u00a0\u00bb animation_intensity_slide=\u00a0\u00bb10%\u00a0\u00bb global_colors_info=\u00a0\u00bb{}\u00a0\u00bb][et_pb_text _builder_version=\u00a0\u00bb4.27.0&Prime; _module_preset=\u00a0\u00bbdefault\u00a0\u00bb header_text_color=\u00a0\u00bb#0a0a0a\u00a0\u00bb header_font_size=\u00a0\u00bb50px\u00a0\u00bb header_font_size_tablet=\u00a0\u00bb45px\u00a0\u00bb header_font_size_phone=\u00a0\u00bb35px\u00a0\u00bb header_font_size_last_edited=\u00a0\u00bbon|phone\u00a0\u00bb global_colors_info=\u00a0\u00bb{}\u00a0\u00bb]<\/p>\n<h1>Secret of Phangan<\/h1>\n<p>[\/et_pb_text][et_pb_divider _builder_version=\u00a0\u00bb4.27.0&Prime; _module_preset=\u00a0\u00bbdefault\u00a0\u00bb width=\u00a0\u00bb30px\u00a0\u00bb custom_margin=\u00a0\u00bb||0px||false|false\u00a0\u00bb custom_padding=\u00a0\u00bb||0px||false|false\u00a0\u00bb global_colors_info=\u00a0\u00bb{}\u00a0\u00bb][\/et_pb_divider][et_pb_text _builder_version=\u00a0\u00bb4.27.0&Prime; _module_preset=\u00a0\u00bbdefault\u00a0\u00bb text_text_color=\u00a0\u00bb#0A0A0A\u00a0\u00bb text_font_size=\u00a0\u00bb21px\u00a0\u00bb text_line_height=\u00a0\u00bb1.6em\u00a0\u00bb width=\u00a0\u00bb95%\u00a0\u00bb max_width=\u00a0\u00bb600px\u00a0\u00bb text_font_size_tablet=\u00a0\u00bb19px\u00a0\u00bb text_font_size_phone=\u00a0\u00bb18px\u00a0\u00bb text_font_size_last_edited=\u00a0\u00bbon|phone\u00a0\u00bb global_colors_info=\u00a0\u00bb{}\u00a0\u00bb text_font_size__hover_enabled=\u00a0\u00bboff|desktop\u00a0\u00bb]<\/p>\n<p>D\u00e9couvrez l&rsquo;essence de la nature dans le tr\u00e9sor cach\u00e9 de Thong Sala.<\/p>\n<p>[\/et_pb_text][\/et_pb_column][\/et_pb_row][\/et_pb_section][et_pb_section fb_built=\u00a0\u00bb1&Prime; custom_padding_last_edited=\u00a0\u00bbon|phone\u00a0\u00bb _builder_version=\u00a0\u00bb4.27.2&Prime; _module_preset=\u00a0\u00bbdefault\u00a0\u00bb custom_padding=\u00a0\u00bb7vh||7vh||true|false\u00a0\u00bb custom_padding_tablet=\u00a0\u00bb4vh||4vh||true|false\u00a0\u00bb custom_padding_phone=\u00a0\u00bb4vh||4vh||true|false\u00a0\u00bb global_colors_info=\u00a0\u00bb{}\u00a0\u00bb][et_pb_row column_structure=\u00a0\u00bb1_2,1_2&Prime; module_class=\u00a0\u00bbinverse\u00a0\u00bb _builder_version=\u00a0\u00bb4.27.0&Prime; _module_preset=\u00a0\u00bbdefault\u00a0\u00bb width=\u00a0\u00bb95%\u00a0\u00bb custom_padding=\u00a0\u00bb0px||0px||false|false\u00a0\u00bb global_colors_info=\u00a0\u00bb{}\u00a0\u00bb][et_pb_column type=\u00a0\u00bb1_2&Prime; _builder_version=\u00a0\u00bb4.16&Prime; _module_preset=\u00a0\u00bbdefault\u00a0\u00bb global_colors_info=\u00a0\u00bb{}\u00a0\u00bb][et_pb_image src=\u00a0\u00bbhttps:\/\/secretofsamui.com\/wp-content\/uploads\/2024\/10\/secret-of-phangan.jpeg\u00a0\u00bb alt=\u00a0\u00bbSecret of Phangan\u00a0\u00bb title_text=\u00a0\u00bbSecret of Phangan\u00a0\u00bb _builder_version=\u00a0\u00bb4.27.2&Prime; _module_preset=\u00a0\u00bbdefault\u00a0\u00bb animation_style=\u00a0\u00bbslide\u00a0\u00bb animation_intensity_slide=\u00a0\u00bb10%\u00a0\u00bb hover_enabled=\u00a0\u00bb0&Prime; global_colors_info=\u00a0\u00bb{}\u00a0\u00bb sticky_enabled=\u00a0\u00bb0&Prime;][\/et_pb_image][\/et_pb_column][et_pb_column type=\u00a0\u00bb1_2&Prime; _builder_version=\u00a0\u00bb4.16&Prime; _module_preset=\u00a0\u00bbdefault\u00a0\u00bb animation_style=\u00a0\u00bbslide\u00a0\u00bb animation_direction=\u00a0\u00bbright\u00a0\u00bb animation_intensity_slide=\u00a0\u00bb10%\u00a0\u00bb global_colors_info=\u00a0\u00bb{}\u00a0\u00bb][et_pb_text _builder_version=\u00a0\u00bb4.27.2&Prime; _module_preset=\u00a0\u00bbdefault\u00a0\u00bb text_letter_spacing=\u00a0\u00bb2px\u00a0\u00bb custom_margin=\u00a0\u00bb55px||||false|false\u00a0\u00bb custom_margin_tablet=\u00a0\u00bb0px||||false|false\u00a0\u00bb custom_margin_phone=\u00a0\u00bb\u00a0\u00bb custom_margin_last_edited=\u00a0\u00bbon|tablet\u00a0\u00bb hover_enabled=\u00a0\u00bb0&Prime; header_2_text_align_tablet=\u00a0\u00bbcenter\u00a0\u00bb header_2_text_align_phone=\u00a0\u00bb\u00a0\u00bb header_2_text_align_last_edited=\u00a0\u00bbon|tablet\u00a0\u00bb global_colors_info=\u00a0\u00bb{}\u00a0\u00bb sticky_enabled=\u00a0\u00bb0&Prime;]<\/p>\n<h2>Notre boutique \u00e0 Thong Sala<\/h2>\n<p>[\/et_pb_text][et_pb_divider _builder_version=\u00a0\u00bb4.16&Prime; _module_preset=\u00a0\u00bbdefault\u00a0\u00bb width=\u00a0\u00bb30px\u00a0\u00bb module_alignment_tablet=\u00a0\u00bbcenter\u00a0\u00bb module_alignment_phone=\u00a0\u00bb\u00a0\u00bb module_alignment_last_edited=\u00a0\u00bbon|tablet\u00a0\u00bb global_colors_info=\u00a0\u00bb{}\u00a0\u00bb][\/et_pb_divider][et_pb_text _builder_version=\u00a0\u00bb4.27.2&Prime; _module_preset=\u00a0\u00bbdefault\u00a0\u00bb custom_margin=\u00a0\u00bb||35px|||\u00a0\u00bb text_orientation_tablet=\u00a0\u00bbleft\u00a0\u00bb text_orientation_phone=\u00a0\u00bbleft\u00a0\u00bb text_orientation_last_edited=\u00a0\u00bbon|phone\u00a0\u00bb global_colors_info=\u00a0\u00bb{}\u00a0\u00bb]<\/p>\n<p>Situ\u00e9e dans le c\u0153ur anim\u00e9 de <strong>Thong Sala<\/strong>, sur l&rsquo;\u00eele pittoresque de <strong>Koh Phangan<\/strong>, notre <strong>boutique Secret of Phangan<\/strong> est votre porte d&rsquo;entr\u00e9e pour d\u00e9couvrir les <a href=\"https:\/\/secretofsamui.com\/fr\/faits-maison-en-thailande\/\">meilleurs produits de beaut\u00e9 naturels<\/a> que la Tha\u00eflande a \u00e0 offrir. Nich\u00e9e au c\u0153ur d\u2019un des quartiers les plus anim\u00e9s de l&rsquo;\u00eele, notre boutique est un v\u00e9ritable havre de paix pour ceux en qu\u00eate de soins de la peau et de produits de bien-\u00eatre haut de gamme, fabriqu\u00e9s localement. <\/p>\n<p>Chez <strong>Secret of Phangan<\/strong>, nous ressortons le meilleur du pouvoir de la nature pour cr\u00e9er des produits qui vous correspondent le mieux. Notre boutique propose une s\u00e9lection de <a href=\"https:\/\/secretofsamui.com\/fr\/produits-naturels-et-biologiques\/\">produits cosm\u00e9tiques naturels<\/a>, tous m\u00e9ticuleusement \u00e9labor\u00e9s \u00e0 partir d&rsquo;ingr\u00e9dients locaux tels que des fleurs tha\u00eflandaises parfum\u00e9es, de la noix de coco riche et de la citronnelle revigorante. Ces produits sont con\u00e7us pour faire ressortir le meilleur de votre peau tout en vous rapprochant de la <strong>beaut\u00e9 naturelle de Koh Phangan<\/strong>.  <\/p>\n<p>Notre \u00e9quipe est l\u00e0 pour vous aider \u00e0 explorer notre gamme, en vous guidant vers le produit parfait pour r\u00e9pondre \u00e0 vos besoins individuels. Que ce soit pour offrir, pour vous faire plaisir ou pour d\u00e9couvrir l\u2019<strong>essence de Koh Phangan<\/strong>, nous avons quelque chose de sp\u00e9cial \u00e0 vous proposer. <\/p>\n<p>D\u00e9couvrez le charme unique et l&rsquo;\u00e9l\u00e9gance naturelle de <strong>Secret of Phangan \u00e0 Thong Sala, <\/strong>o\u00f9 les secrets de la nature sont r\u00e9v\u00e9l\u00e9s dans chaque produit.<\/p>\n<p>[\/et_pb_text][et_pb_button button_url=\u00a0\u00bb@ET-DC@eyJkeW5hbWljIjp0cnVlLCJjb250ZW50IjoicG9zdF9saW5rX3VybF9wYWdlIiwic2V0dGluZ3MiOnsicG9zdF9pZCI6IjEwMDEifX0=@\u00a0\u00bb button_text=\u00a0\u00bbD\u00e9couvrez nos produits\u00a0\u00bb button_alignment=\u00a0\u00bbcenter\u00a0\u00bb _builder_version=\u00a0\u00bb4.27.2&Prime; _module_preset=\u00a0\u00bbdefault\u00a0\u00bb custom_button=\u00a0\u00bboff\u00a0\u00bb background_layout=\u00a0\u00bbdark\u00a0\u00bb custom_margin=\u00a0\u00bb||10px||false|false\u00a0\u00bb custom_margin_tablet=\u00a0\u00bb||15px||false|false\u00a0\u00bb custom_margin_phone=\u00a0\u00bb||20px||false|false\u00a0\u00bb custom_margin_last_edited=\u00a0\u00bbon|phone\u00a0\u00bb custom_padding=\u00a0\u00bb|40px||40px|false|true\u00a0\u00bb hover_enabled=\u00a0\u00bb0&Prime; locked=\u00a0\u00bboff\u00a0\u00bb global_colors_info=\u00a0\u00bb{}\u00a0\u00bb theme_builder_area=\u00a0\u00bbpost_content\u00a0\u00bb _dynamic_attributes=\u00a0\u00bbbutton_url\u00a0\u00bb sticky_enabled=\u00a0\u00bb0&Prime;][\/et_pb_button][\/et_pb_column][\/et_pb_row][et_pb_row _builder_version=\u00a0\u00bb4.27.0&Prime; _module_preset=\u00a0\u00bbdefault\u00a0\u00bb width=\u00a0\u00bb95%\u00a0\u00bb custom_padding=\u00a0\u00bb||0px||false|false\u00a0\u00bb global_colors_info=\u00a0\u00bb{}\u00a0\u00bb][et_pb_column type=\u00a0\u00bb4_4&Prime; _builder_version=\u00a0\u00bb4.27.0&Prime; _module_preset=\u00a0\u00bbdefault\u00a0\u00bb animation_style=\u00a0\u00bbslide\u00a0\u00bb animation_direction=\u00a0\u00bbright\u00a0\u00bb animation_intensity_slide=\u00a0\u00bb10%\u00a0\u00bb global_colors_info=\u00a0\u00bb{}\u00a0\u00bb][et_pb_text _builder_version=\u00a0\u00bb4.27.0&Prime; _module_preset=\u00a0\u00bbdefault\u00a0\u00bb text_letter_spacing=\u00a0\u00bb2px\u00a0\u00bb header_2_text_align=\u00a0\u00bbcenter\u00a0\u00bb custom_margin=\u00a0\u00bb||||false|false\u00a0\u00bb custom_margin_tablet=\u00a0\u00bb0px||||false|false\u00a0\u00bb custom_margin_last_edited=\u00a0\u00bboff|desktop\u00a0\u00bb header_2_text_align_tablet=\u00a0\u00bbcenter\u00a0\u00bb header_2_text_align_last_edited=\u00a0\u00bboff|desktop\u00a0\u00bb global_colors_info=\u00a0\u00bb{}\u00a0\u00bb]<\/p>\n<h2>Localisation de Secret of Phangan<\/h2>\n<p>[\/et_pb_text][et_pb_divider _builder_version=\u00a0\u00bb4.27.0&Prime; _module_preset=\u00a0\u00bbdefault\u00a0\u00bb width=\u00a0\u00bb30px\u00a0\u00bb module_alignment=\u00a0\u00bbcenter\u00a0\u00bb module_alignment_tablet=\u00a0\u00bbcenter\u00a0\u00bb module_alignment_last_edited=\u00a0\u00bboff|desktop\u00a0\u00bb global_colors_info=\u00a0\u00bb{}\u00a0\u00bb][\/et_pb_divider][et_pb_text _builder_version=\u00a0\u00bb4.27.0&Prime; _module_preset=\u00a0\u00bbdefault\u00a0\u00bb custom_margin=\u00a0\u00bb||||false|false\u00a0\u00bb text_orientation_tablet=\u00a0\u00bbcenter\u00a0\u00bb text_orientation_phone=\u00a0\u00bb\u00a0\u00bb text_orientation_last_edited=\u00a0\u00bbon|tablet\u00a0\u00bb global_colors_info=\u00a0\u00bb{}\u00a0\u00bb]<iframe src=\"https:\/\/www.google.com\/maps\/embed?pb=!1m14!1m8!1m3!1d15730.713192794792!2d99.994078!3d9.7084735!3m2!1i1024!2i768!4f13.1!3m3!1m2!1s0x3054fd1bee381e1d%3A0x5d03f05b290cff2a!2sSecret%20of%20Phangan!5e0!3m2!1sfr!2sth!4v1724299024205!5m2!1sfr!2sth\" width=\"100%\" height=\"450\" style=\"border:0;\" allowfullscreen=\"\" loading=\"lazy\" referrerpolicy=\"no-referrer-when-downgrade\"><\/iframe>[\/et_pb_text][\/et_pb_column][\/et_pb_row][\/et_pb_section]<\/p>\n","protected":false},"excerpt":{"rendered":"<p>Secret of PhanganD\u00e9couvrez l&rsquo;essence de la nature dans le tr\u00e9sor cach\u00e9 de Thong Sala.Notre boutique \u00e0 Thong SalaSitu\u00e9e dans le c\u0153ur anim\u00e9 de Thong Sala, sur l&rsquo;\u00eele pittoresque de Koh Phangan, notre boutique Secret of Phangan est votre porte d&rsquo;entr\u00e9e pour d\u00e9couvrir les meilleurs produits de beaut\u00e9 naturels que la Tha\u00eflande a \u00e0 offrir. Nich\u00e9e [&hellip;]<\/p>\n","protected":false},"author":1,"featured_media":0,"parent":0,"menu_order":0,"comment_status":"closed","ping_status":"closed","template":"","meta":{"_acf_changed":false,"_et_pb_use_builder":"on","_et_pb_old_content":"","_et_gb_content_width":"","footnotes":""},"class_list":["post-102802","page","type-page","status-publish","hentry"],"acf":[],"yoast_head":"<!-- This site is optimized with the Yoast SEO plugin v27.2 - https:\/\/yoast.com\/product\/yoast-seo-wordpress\/ -->\n<title>Secret of Phangan - Cosm\u00e9tique naturelle et biologique<\/title>\n<meta name=\"description\" content=\"Situ\u00e9e dans le c\u0153ur anim\u00e9 de Thong Sala sur Koh Phangan, notre boutique Secret of Phangan est votre porte d&#039;entr\u00e9e pour d\u00e9couvrir les plus belles sp\u00e9cialit\u00e9s de l&#039;\u00eele.\" \/>\n<meta name=\"robots\" content=\"index, follow, max-snippet:-1, max-image-preview:large, max-video-preview:-1\" \/>\n<link rel=\"canonical\" href=\"https:\/\/secretofsamui.com\/fr\/secret-of-phangan\/\" \/>\n<meta property=\"og:locale\" content=\"fr_FR\" \/>\n<meta property=\"og:type\" content=\"article\" \/>\n<meta property=\"og:title\" content=\"Secret of Phangan - Cosm\u00e9tique naturelle et biologique\" \/>\n<meta property=\"og:description\" content=\"Situ\u00e9e dans le c\u0153ur anim\u00e9 de Thong Sala sur Koh Phangan, notre boutique Secret of Phangan est votre porte d&#039;entr\u00e9e pour d\u00e9couvrir les plus belles sp\u00e9cialit\u00e9s de l&#039;\u00eele.\" \/>\n<meta property=\"og:url\" content=\"https:\/\/secretofsamui.com\/fr\/secret-of-phangan\/\" \/>\n<meta property=\"og:site_name\" content=\"Secret of Samui - Natural and Homemade cosmestic\" \/>\n<meta property=\"article:modified_time\" content=\"2024-11-12T09:16:15+00:00\" \/>\n<meta name=\"twitter:card\" content=\"summary_large_image\" \/>\n<meta name=\"twitter:label1\" content=\"Dur\u00e9e de lecture estim\u00e9e\" \/>\n\t<meta name=\"twitter:data1\" content=\"5 minutes\" \/>\n<script type=\"application\/ld+json\" class=\"yoast-schema-graph\">{\"@context\":\"https:\/\/schema.org\",\"@graph\":[{\"@type\":\"WebPage\",\"@id\":\"https:\/\/secretofsamui.com\/fr\/secret-of-phangan\/\",\"url\":\"https:\/\/secretofsamui.com\/fr\/secret-of-phangan\/\",\"name\":\"Secret of Phangan - Cosm\u00e9tique naturelle et biologique\",\"isPartOf\":{\"@id\":\"https:\/\/secretofsamui.com\/fr\/#website\"},\"datePublished\":\"2024-07-18T21:14:34+00:00\",\"dateModified\":\"2024-11-12T09:16:15+00:00\",\"description\":\"Situ\u00e9e dans le c\u0153ur anim\u00e9 de Thong Sala sur Koh Phangan, notre boutique Secret of Phangan est votre porte d'entr\u00e9e pour d\u00e9couvrir les plus belles sp\u00e9cialit\u00e9s de l'\u00eele.\",\"breadcrumb\":{\"@id\":\"https:\/\/secretofsamui.com\/fr\/secret-of-phangan\/#breadcrumb\"},\"inLanguage\":\"fr-FR\",\"potentialAction\":[{\"@type\":\"ReadAction\",\"target\":[\"https:\/\/secretofsamui.com\/fr\/secret-of-phangan\/\"]}]},{\"@type\":\"BreadcrumbList\",\"@id\":\"https:\/\/secretofsamui.com\/fr\/secret-of-phangan\/#breadcrumb\",\"itemListElement\":[{\"@type\":\"ListItem\",\"position\":1,\"name\":\"Home\",\"item\":\"https:\/\/secretofsamui.com\/fr\/accueil\/\"},{\"@type\":\"ListItem\",\"position\":2,\"name\":\"Secret of Phangan\"}]},{\"@type\":\"WebSite\",\"@id\":\"https:\/\/secretofsamui.com\/fr\/#website\",\"url\":\"https:\/\/secretofsamui.com\/fr\/\",\"name\":\"Secret of Samui - Natural and Homemade cosmestic\",\"description\":\"\",\"potentialAction\":[{\"@type\":\"SearchAction\",\"target\":{\"@type\":\"EntryPoint\",\"urlTemplate\":\"https:\/\/secretofsamui.com\/fr\/?s={search_term_string}\"},\"query-input\":{\"@type\":\"PropertyValueSpecification\",\"valueRequired\":true,\"valueName\":\"search_term_string\"}}],\"inLanguage\":\"fr-FR\"}]}<\/script>\n<!-- \/ Yoast SEO plugin. -->","yoast_head_json":{"title":"Secret of Phangan - Cosm\u00e9tique naturelle et biologique","description":"Situ\u00e9e dans le c\u0153ur anim\u00e9 de Thong Sala sur Koh Phangan, notre boutique Secret of Phangan est votre porte d'entr\u00e9e pour d\u00e9couvrir les plus belles sp\u00e9cialit\u00e9s de l'\u00eele.","robots":{"index":"index","follow":"follow","max-snippet":"max-snippet:-1","max-image-preview":"max-image-preview:large","max-video-preview":"max-video-preview:-1"},"canonical":"https:\/\/secretofsamui.com\/fr\/secret-of-phangan\/","og_locale":"fr_FR","og_type":"article","og_title":"Secret of Phangan - Cosm\u00e9tique naturelle et biologique","og_description":"Situ\u00e9e dans le c\u0153ur anim\u00e9 de Thong Sala sur Koh Phangan, notre boutique Secret of Phangan est votre porte d'entr\u00e9e pour d\u00e9couvrir les plus belles sp\u00e9cialit\u00e9s de l'\u00eele.","og_url":"https:\/\/secretofsamui.com\/fr\/secret-of-phangan\/","og_site_name":"Secret of Samui - Natural and Homemade cosmestic","article_modified_time":"2024-11-12T09:16:15+00:00","twitter_card":"summary_large_image","twitter_misc":{"Dur\u00e9e de lecture estim\u00e9e":"5 minutes"},"schema":{"@context":"https:\/\/schema.org","@graph":[{"@type":"WebPage","@id":"https:\/\/secretofsamui.com\/fr\/secret-of-phangan\/","url":"https:\/\/secretofsamui.com\/fr\/secret-of-phangan\/","name":"Secret of Phangan - Cosm\u00e9tique naturelle et biologique","isPartOf":{"@id":"https:\/\/secretofsamui.com\/fr\/#website"},"datePublished":"2024-07-18T21:14:34+00:00","dateModified":"2024-11-12T09:16:15+00:00","description":"Situ\u00e9e dans le c\u0153ur anim\u00e9 de Thong Sala sur Koh Phangan, notre boutique Secret of Phangan est votre porte d'entr\u00e9e pour d\u00e9couvrir les plus belles sp\u00e9cialit\u00e9s de l'\u00eele.","breadcrumb":{"@id":"https:\/\/secretofsamui.com\/fr\/secret-of-phangan\/#breadcrumb"},"inLanguage":"fr-FR","potentialAction":[{"@type":"ReadAction","target":["https:\/\/secretofsamui.com\/fr\/secret-of-phangan\/"]}]},{"@type":"BreadcrumbList","@id":"https:\/\/secretofsamui.com\/fr\/secret-of-phangan\/#breadcrumb","itemListElement":[{"@type":"ListItem","position":1,"name":"Home","item":"https:\/\/secretofsamui.com\/fr\/accueil\/"},{"@type":"ListItem","position":2,"name":"Secret of Phangan"}]},{"@type":"WebSite","@id":"https:\/\/secretofsamui.com\/fr\/#website","url":"https:\/\/secretofsamui.com\/fr\/","name":"Secret of Samui - Natural and Homemade cosmestic","description":"","potentialAction":[{"@type":"SearchAction","target":{"@type":"EntryPoint","urlTemplate":"https:\/\/secretofsamui.com\/fr\/?s={search_term_string}"},"query-input":{"@type":"PropertyValueSpecification","valueRequired":true,"valueName":"search_term_string"}}],"inLanguage":"fr-FR"}]}},"_links":{"self":[{"href":"https:\/\/secretofsamui.com\/fr\/wp-json\/wp\/v2\/pages\/102802","targetHints":{"allow":["GET"]}}],"collection":[{"href":"https:\/\/secretofsamui.com\/fr\/wp-json\/wp\/v2\/pages"}],"about":[{"href":"https:\/\/secretofsamui.com\/fr\/wp-json\/wp\/v2\/types\/page"}],"author":[{"embeddable":true,"href":"https:\/\/secretofsamui.com\/fr\/wp-json\/wp\/v2\/users\/1"}],"replies":[{"embeddable":true,"href":"https:\/\/secretofsamui.com\/fr\/wp-json\/wp\/v2\/comments?post=102802"}],"version-history":[{"count":18,"href":"https:\/\/secretofsamui.com\/fr\/wp-json\/wp\/v2\/pages\/102802\/revisions"}],"predecessor-version":[{"id":103274,"href":"https:\/\/secretofsamui.com\/fr\/wp-json\/wp\/v2\/pages\/102802\/revisions\/103274"}],"wp:attachment":[{"href":"https:\/\/secretofsamui.com\/fr\/wp-json\/wp\/v2\/media?parent=102802"}],"curies":[{"name":"wp","href":"https:\/\/api.w.org\/{rel}","templated":true}]}}