{"id":102799,"date":"2021-01-05T10:46:56","date_gmt":"2021-01-05T10:46:56","guid":{"rendered":"https:\/\/secretofsamui.com\/a-propos-de-nous\/"},"modified":"2024-11-07T10:54:05","modified_gmt":"2024-11-07T10:54:05","slug":"a-propos-de-nous","status":"publish","type":"page","link":"https:\/\/secretofsamui.com\/fr\/a-propos-de-nous\/","title":{"rendered":"A propos de nous"},"content":{"rendered":"\n[et_pb_section fb_built=\u00a0\u00bb1&Prime; _builder_version=\u00a0\u00bb4.27.0&Prime; _module_preset=\u00a0\u00bbdefault\u00a0\u00bb background_enable_color=\u00a0\u00bboff\u00a0\u00bb use_background_color_gradient=\u00a0\u00bbon\u00a0\u00bb background_color_gradient_stops=\u00a0\u00bbrgba(255,255,255,0.96) 0%|rgba(255,255,255,0) 100%\u00a0\u00bb background_color_gradient_overlays_image=\u00a0\u00bbon\u00a0\u00bb background_image=\u00a0\u00bbhttps:\/\/secretofsamui.com\/wp-content\/uploads\/2024\/08\/contact.jpg\u00a0\u00bb custom_margin=\u00a0\u00bb0px||0px||false|false\u00a0\u00bb custom_padding=\u00a0\u00bb0px||0px||true|false\u00a0\u00bb global_colors_info=\u00a0\u00bb{}\u00a0\u00bb][et_pb_row make_equal=\u00a0\u00bbon\u00a0\u00bb custom_padding_last_edited=\u00a0\u00bbon|tablet\u00a0\u00bb _builder_version=\u00a0\u00bb4.27.0&Prime; _module_preset=\u00a0\u00bbdefault\u00a0\u00bb width=\u00a0\u00bb100%\u00a0\u00bb max_width=\u00a0\u00bb2560px\u00a0\u00bb custom_margin=\u00a0\u00bb0px||0px||false|false\u00a0\u00bb custom_padding=\u00a0\u00bb10vh||20vh||false|false\u00a0\u00bb custom_padding_tablet=\u00a0\u00bb10vh||20vh||false|false\u00a0\u00bb custom_padding_phone=\u00a0\u00bb4vh||20vh||false|false\u00a0\u00bb global_colors_info=\u00a0\u00bb{}\u00a0\u00bb][et_pb_column type=\u00a0\u00bb4_4&Prime; _builder_version=\u00a0\u00bb4.16&Prime; _module_preset=\u00a0\u00bbdefault\u00a0\u00bb custom_padding=\u00a0\u00bb200px|10%||10%|false|false\u00a0\u00bb animation_style=\u00a0\u00bbslide\u00a0\u00bb animation_direction=\u00a0\u00bbleft\u00a0\u00bb animation_intensity_slide=\u00a0\u00bb10%\u00a0\u00bb global_colors_info=\u00a0\u00bb{}\u00a0\u00bb][et_pb_text _builder_version=\u00a0\u00bb4.27.0&Prime; _module_preset=\u00a0\u00bbdefault\u00a0\u00bb header_text_color=\u00a0\u00bb#0a0a0a\u00a0\u00bb header_font_size=\u00a0\u00bb50px\u00a0\u00bb header_font_size_tablet=\u00a0\u00bb45px\u00a0\u00bb header_font_size_phone=\u00a0\u00bb35px\u00a0\u00bb header_font_size_last_edited=\u00a0\u00bbon|phone\u00a0\u00bb global_colors_info=\u00a0\u00bb{}\u00a0\u00bb]<h1>\u00c0 propos de nous<\/h1>[\/et_pb_text][et_pb_divider _builder_version=\u00a0\u00bb4.27.0&Prime; _module_preset=\u00a0\u00bbdefault\u00a0\u00bb width=\u00a0\u00bb30px\u00a0\u00bb custom_margin=\u00a0\u00bb||0px||false|false\u00a0\u00bb custom_padding=\u00a0\u00bb||0px||false|false\u00a0\u00bb global_colors_info=\u00a0\u00bb{}\u00a0\u00bb][\/et_pb_divider][\/et_pb_column][\/et_pb_row][\/et_pb_section][et_pb_section fb_built=\u00a0\u00bb1&Prime; custom_padding_last_edited=\u00a0\u00bbon|desktop\u00a0\u00bb _builder_version=\u00a0\u00bb4.16&Prime; _module_preset=\u00a0\u00bbdefault\u00a0\u00bb custom_padding=\u00a0\u00bb7vh||7vh||true|false\u00a0\u00bb custom_padding_tablet=\u00a0\u00bb3vh||3vh||true|false\u00a0\u00bb custom_padding_phone=\u00a0\u00bb2vh||2vh||true|false\u00a0\u00bb global_colors_info=\u00a0\u00bb{}\u00a0\u00bb][et_pb_row column_structure=\u00a0\u00bb1_2,1_2&Prime; _builder_version=\u00a0\u00bb4.27.0&Prime; _module_preset=\u00a0\u00bbdefault\u00a0\u00bb width=\u00a0\u00bb95%\u00a0\u00bb custom_padding=\u00a0\u00bb0px||0px||false|false\u00a0\u00bb animation_style=\u00a0\u00bbslide\u00a0\u00bb animation_direction=\u00a0\u00bbbottom\u00a0\u00bb animation_intensity_slide=\u00a0\u00bb20%\u00a0\u00bb global_colors_info=\u00a0\u00bb{}\u00a0\u00bb][et_pb_column type=\u00a0\u00bb1_2&Prime; _builder_version=\u00a0\u00bb4.16&Prime; _module_preset=\u00a0\u00bbdefault\u00a0\u00bb global_colors_info=\u00a0\u00bb{}\u00a0\u00bb][et_pb_text _builder_version=\u00a0\u00bb4.16&Prime; _module_preset=\u00a0\u00bbdefault\u00a0\u00bb global_colors_info=\u00a0\u00bb{}\u00a0\u00bb]<h2>NOTRE HISTOIRE<\/h2>[\/et_pb_text][et_pb_divider _builder_version=\u00a0\u00bb4.16&Prime; _module_preset=\u00a0\u00bbdefault\u00a0\u00bb width=\u00a0\u00bb30px\u00a0\u00bb global_colors_info=\u00a0\u00bb{}\u00a0\u00bb][\/et_pb_divider][\/et_pb_column][et_pb_column type=\u00a0\u00bb1_2&Prime; _builder_version=\u00a0\u00bb4.16&Prime; _module_preset=\u00a0\u00bbdefault\u00a0\u00bb global_colors_info=\u00a0\u00bb{}\u00a0\u00bb][et_pb_text _builder_version=\u00a0\u00bb4.27.2&Prime; _module_preset=\u00a0\u00bbdefault\u00a0\u00bb text_text_color=\u00a0\u00bb#0a0a0a\u00a0\u00bb text_font_size=\u00a0\u00bb13px\u00a0\u00bb text_letter_spacing=\u00a0\u00bb3px\u00a0\u00bb text_orientation=\u00a0\u00bbright\u00a0\u00bb hover_enabled=\u00a0\u00bb0&Prime; text_orientation_tablet=\u00a0\u00bbleft\u00a0\u00bb text_orientation_phone=\u00a0\u00bb\u00a0\u00bb text_orientation_last_edited=\u00a0\u00bbon|phone\u00a0\u00bb global_colors_info=\u00a0\u00bb{}\u00a0\u00bb sticky_enabled=\u00a0\u00bb0&Prime;]<p>EST 2006<\/p>[\/et_pb_text][\/et_pb_column][\/et_pb_row][et_pb_row column_structure=\u00a0\u00bb1_2,1_2&Prime; custom_padding_last_edited=\u00a0\u00bbon|phone\u00a0\u00bb _builder_version=\u00a0\u00bb4.16&Prime; _module_preset=\u00a0\u00bbdefault\u00a0\u00bb width=\u00a0\u00bb95%\u00a0\u00bb custom_padding_tablet=\u00a0\u00bb0px||||false|false\u00a0\u00bb custom_padding_phone=\u00a0\u00bb\u00a0\u00bb global_colors_info=\u00a0\u00bb{}\u00a0\u00bb][et_pb_column type=\u00a0\u00bb1_2&Prime; _builder_version=\u00a0\u00bb4.16&Prime; _module_preset=\u00a0\u00bbdefault\u00a0\u00bb animation_style=\u00a0\u00bbslide\u00a0\u00bb animation_direction=\u00a0\u00bbleft\u00a0\u00bb animation_intensity_slide=\u00a0\u00bb15%\u00a0\u00bb global_colors_info=\u00a0\u00bb{}\u00a0\u00bb][et_pb_text _builder_version=\u00a0\u00bb4.27.0&Prime; _module_preset=\u00a0\u00bbdefault\u00a0\u00bb global_colors_info=\u00a0\u00bb{}\u00a0\u00bb]<p>En 2005, sur l&rsquo;\u00eele de <strong>Koh Samui en Tha\u00eflande,<\/strong> Herv\u00e9 Droin, expatri\u00e9 fran\u00e7ais, fait un constat : il n&rsquo;existe pas de <a href=\"https:\/\/secretofsamui.com\/natural-organic-products\/\">produits cosm\u00e9tiques naturels<\/a> dans le pays. Inspir\u00e9 par cette d\u00e9couverte, il d\u00e9cide en 2006 de cr\u00e9er sa propre marque, <a href=\"https:\/\/secretofsamui.com\/secret-of-samui\/\">Secret of Samui<\/a>. <\/p>\n<p>En collaboration avec un chimiste de renom qui avait d\u00e9j\u00e0 travaill\u00e9 pour l&rsquo;une des plus grandes marques mondiales de cosm\u00e9tiques, Herv\u00e9 a d\u00e9velopp\u00e9 une gamme compl\u00e8te de produits fabriqu\u00e9s \u00e0 partir d&rsquo;<strong>ingr\u00e9dients naturels locaux<\/strong> tels que les fleurs tha\u00eflandaises, la <a href=\"https:\/\/secretofsamui.com\/category\/coconut-line\/\">noix de coco<\/a> et la citronnelle.<\/p>\n<p>Ses produits ont d&rsquo;abord \u00e9t\u00e9 pr\u00e9sent\u00e9s aux h\u00f4tels, spas et villas de luxe de Koh Samui, qui ont rapidement adopt\u00e9 la gamme <strong>Secret of Samui<\/strong> pour offrir \u00e0 leurs clients une exp\u00e9rience unique inspir\u00e9e par la nature.<\/p>[\/et_pb_text][\/et_pb_column][et_pb_column type=\u00a0\u00bb1_2&Prime; _builder_version=\u00a0\u00bb4.16&Prime; _module_preset=\u00a0\u00bbdefault\u00a0\u00bb animation_style=\u00a0\u00bbslide\u00a0\u00bb animation_direction=\u00a0\u00bbright\u00a0\u00bb animation_intensity_slide=\u00a0\u00bb15%\u00a0\u00bb global_colors_info=\u00a0\u00bb{}\u00a0\u00bb][et_pb_text _builder_version=\u00a0\u00bb4.27.0&Prime; _module_preset=\u00a0\u00bbdefault\u00a0\u00bb global_colors_info=\u00a0\u00bb{}\u00a0\u00bb]<p>L&rsquo;ambition d&rsquo;Herv\u00e9 va au-del\u00e0 des \u00e9tablissements de luxe. Il souhaite partager ses produits avec un public plus large, en les proposant aux touristes et aux visiteurs de l&rsquo;\u00eele. Rapidement, la marque <strong>Secret of Samui<\/strong> devient synonyme de qualit\u00e9 et d&rsquo;authenticit\u00e9 pour tous ceux qui recherchent des solutions de beaut\u00e9 naturelles.  <\/p>\n<p>Aujourd&rsquo;hui, Secret of Samui est une entreprise florissante qui ne cesse d&rsquo;\u00e9largir sa gamme de produits, tous \u00e9labor\u00e9s \u00e0 partir d&rsquo;ingr\u00e9dients naturels d&rsquo;origine locale.<\/p>\n<p>La marque c\u00e9l\u00e8bre la beaut\u00e9 naturelle de Koh Samui et la richesse de l&rsquo;environnement tha\u00eflandais. En 2024, Secret of Samui a \u00e9tendu sa pr\u00e9sence en ouvrant une nouvelle <a href=\"https:\/\/secretofsamui.com\/secret-of-phangan\/\">boutique \u00e0 Koh Phangan<\/a>, afin de faire partager sa passion pour la beaut\u00e9 naturelle \u00e0 un public plus large. <\/p>[\/et_pb_text][\/et_pb_column][\/et_pb_row][\/et_pb_section]\n","protected":false},"excerpt":{"rendered":"<p>\u00c0 propos de nousNOTRE HISTOIREEST 2006En 2005, sur l&rsquo;\u00eele de Koh Samui en Tha\u00eflande, Herv\u00e9 Droin, expatri\u00e9 fran\u00e7ais, fait un constat : il n&rsquo;existe pas de produits cosm\u00e9tiques naturels dans le pays. Inspir\u00e9 par cette d\u00e9couverte, il d\u00e9cide en 2006 de cr\u00e9er sa propre marque, Secret of Samui. En collaboration avec un chimiste de renom [&hellip;]<\/p>\n","protected":false},"author":1,"featured_media":0,"parent":0,"menu_order":0,"comment_status":"closed","ping_status":"closed","template":"","meta":{"_acf_changed":false,"_et_pb_use_builder":"on","_et_pb_old_content":"","_et_gb_content_width":"","footnotes":""},"class_list":["post-102799","page","type-page","status-publish","hentry"],"acf":[],"yoast_head":"<!-- This site is optimized with the Yoast SEO plugin v27.2 - https:\/\/yoast.com\/product\/yoast-seo-wordpress\/ -->\n<title>A propos de nous - Secret of Samui - Natural and Homemade cosmestic<\/title>\n<meta name=\"description\" content=\"Inspir\u00e9 par cette d\u00e9couverte, il d\u00e9cide en 2006 de cr\u00e9er Secret of Samui. En 2024, il \u00e9tend sa pr\u00e9sence en ouvrant Secret of Phangan\" \/>\n<meta name=\"robots\" content=\"index, follow, max-snippet:-1, max-image-preview:large, max-video-preview:-1\" \/>\n<link rel=\"canonical\" href=\"https:\/\/secretofsamui.com\/fr\/a-propos-de-nous\/\" \/>\n<meta property=\"og:locale\" content=\"fr_FR\" \/>\n<meta property=\"og:type\" content=\"article\" \/>\n<meta property=\"og:title\" content=\"A propos de nous - Secret of Samui - Natural and Homemade cosmestic\" \/>\n<meta property=\"og:description\" content=\"Inspir\u00e9 par cette d\u00e9couverte, il d\u00e9cide en 2006 de cr\u00e9er Secret of Samui. En 2024, il \u00e9tend sa pr\u00e9sence en ouvrant Secret of Phangan\" \/>\n<meta property=\"og:url\" content=\"https:\/\/secretofsamui.com\/fr\/a-propos-de-nous\/\" \/>\n<meta property=\"og:site_name\" content=\"Secret of Samui - Natural and Homemade cosmestic\" \/>\n<meta property=\"article:modified_time\" content=\"2024-11-07T10:54:05+00:00\" \/>\n<meta name=\"twitter:card\" content=\"summary_large_image\" \/>\n<meta name=\"twitter:label1\" content=\"Dur\u00e9e de lecture estim\u00e9e\" \/>\n\t<meta name=\"twitter:data1\" content=\"4 minutes\" \/>\n<script type=\"application\/ld+json\" class=\"yoast-schema-graph\">{\"@context\":\"https:\/\/schema.org\",\"@graph\":[{\"@type\":\"WebPage\",\"@id\":\"https:\/\/secretofsamui.com\/fr\/a-propos-de-nous\/\",\"url\":\"https:\/\/secretofsamui.com\/fr\/a-propos-de-nous\/\",\"name\":\"A propos de nous - Secret of Samui - Natural and Homemade cosmestic\",\"isPartOf\":{\"@id\":\"https:\/\/secretofsamui.com\/fr\/#website\"},\"datePublished\":\"2021-01-05T10:46:56+00:00\",\"dateModified\":\"2024-11-07T10:54:05+00:00\",\"description\":\"Inspir\u00e9 par cette d\u00e9couverte, il d\u00e9cide en 2006 de cr\u00e9er Secret of Samui. En 2024, il \u00e9tend sa pr\u00e9sence en ouvrant Secret of Phangan\",\"breadcrumb\":{\"@id\":\"https:\/\/secretofsamui.com\/fr\/a-propos-de-nous\/#breadcrumb\"},\"inLanguage\":\"fr-FR\",\"potentialAction\":[{\"@type\":\"ReadAction\",\"target\":[\"https:\/\/secretofsamui.com\/fr\/a-propos-de-nous\/\"]}]},{\"@type\":\"BreadcrumbList\",\"@id\":\"https:\/\/secretofsamui.com\/fr\/a-propos-de-nous\/#breadcrumb\",\"itemListElement\":[{\"@type\":\"ListItem\",\"position\":1,\"name\":\"Home\",\"item\":\"https:\/\/secretofsamui.com\/fr\/accueil\/\"},{\"@type\":\"ListItem\",\"position\":2,\"name\":\"A propos de nous\"}]},{\"@type\":\"WebSite\",\"@id\":\"https:\/\/secretofsamui.com\/fr\/#website\",\"url\":\"https:\/\/secretofsamui.com\/fr\/\",\"name\":\"Secret of Samui - Natural and Homemade cosmestic\",\"description\":\"\",\"potentialAction\":[{\"@type\":\"SearchAction\",\"target\":{\"@type\":\"EntryPoint\",\"urlTemplate\":\"https:\/\/secretofsamui.com\/fr\/?s={search_term_string}\"},\"query-input\":{\"@type\":\"PropertyValueSpecification\",\"valueRequired\":true,\"valueName\":\"search_term_string\"}}],\"inLanguage\":\"fr-FR\"}]}<\/script>\n<!-- \/ Yoast SEO plugin. -->","yoast_head_json":{"title":"A propos de nous - Secret of Samui - Natural and Homemade cosmestic","description":"Inspir\u00e9 par cette d\u00e9couverte, il d\u00e9cide en 2006 de cr\u00e9er Secret of Samui. En 2024, il \u00e9tend sa pr\u00e9sence en ouvrant Secret of Phangan","robots":{"index":"index","follow":"follow","max-snippet":"max-snippet:-1","max-image-preview":"max-image-preview:large","max-video-preview":"max-video-preview:-1"},"canonical":"https:\/\/secretofsamui.com\/fr\/a-propos-de-nous\/","og_locale":"fr_FR","og_type":"article","og_title":"A propos de nous - Secret of Samui - Natural and Homemade cosmestic","og_description":"Inspir\u00e9 par cette d\u00e9couverte, il d\u00e9cide en 2006 de cr\u00e9er Secret of Samui. En 2024, il \u00e9tend sa pr\u00e9sence en ouvrant Secret of Phangan","og_url":"https:\/\/secretofsamui.com\/fr\/a-propos-de-nous\/","og_site_name":"Secret of Samui - Natural and Homemade cosmestic","article_modified_time":"2024-11-07T10:54:05+00:00","twitter_card":"summary_large_image","twitter_misc":{"Dur\u00e9e de lecture estim\u00e9e":"4 minutes"},"schema":{"@context":"https:\/\/schema.org","@graph":[{"@type":"WebPage","@id":"https:\/\/secretofsamui.com\/fr\/a-propos-de-nous\/","url":"https:\/\/secretofsamui.com\/fr\/a-propos-de-nous\/","name":"A propos de nous - Secret of Samui - Natural and Homemade cosmestic","isPartOf":{"@id":"https:\/\/secretofsamui.com\/fr\/#website"},"datePublished":"2021-01-05T10:46:56+00:00","dateModified":"2024-11-07T10:54:05+00:00","description":"Inspir\u00e9 par cette d\u00e9couverte, il d\u00e9cide en 2006 de cr\u00e9er Secret of Samui. En 2024, il \u00e9tend sa pr\u00e9sence en ouvrant Secret of Phangan","breadcrumb":{"@id":"https:\/\/secretofsamui.com\/fr\/a-propos-de-nous\/#breadcrumb"},"inLanguage":"fr-FR","potentialAction":[{"@type":"ReadAction","target":["https:\/\/secretofsamui.com\/fr\/a-propos-de-nous\/"]}]},{"@type":"BreadcrumbList","@id":"https:\/\/secretofsamui.com\/fr\/a-propos-de-nous\/#breadcrumb","itemListElement":[{"@type":"ListItem","position":1,"name":"Home","item":"https:\/\/secretofsamui.com\/fr\/accueil\/"},{"@type":"ListItem","position":2,"name":"A propos de nous"}]},{"@type":"WebSite","@id":"https:\/\/secretofsamui.com\/fr\/#website","url":"https:\/\/secretofsamui.com\/fr\/","name":"Secret of Samui - Natural and Homemade cosmestic","description":"","potentialAction":[{"@type":"SearchAction","target":{"@type":"EntryPoint","urlTemplate":"https:\/\/secretofsamui.com\/fr\/?s={search_term_string}"},"query-input":{"@type":"PropertyValueSpecification","valueRequired":true,"valueName":"search_term_string"}}],"inLanguage":"fr-FR"}]}},"_links":{"self":[{"href":"https:\/\/secretofsamui.com\/fr\/wp-json\/wp\/v2\/pages\/102799","targetHints":{"allow":["GET"]}}],"collection":[{"href":"https:\/\/secretofsamui.com\/fr\/wp-json\/wp\/v2\/pages"}],"about":[{"href":"https:\/\/secretofsamui.com\/fr\/wp-json\/wp\/v2\/types\/page"}],"author":[{"embeddable":true,"href":"https:\/\/secretofsamui.com\/fr\/wp-json\/wp\/v2\/users\/1"}],"replies":[{"embeddable":true,"href":"https:\/\/secretofsamui.com\/fr\/wp-json\/wp\/v2\/comments?post=102799"}],"version-history":[{"count":1,"href":"https:\/\/secretofsamui.com\/fr\/wp-json\/wp\/v2\/pages\/102799\/revisions"}],"predecessor-version":[{"id":102801,"href":"https:\/\/secretofsamui.com\/fr\/wp-json\/wp\/v2\/pages\/102799\/revisions\/102801"}],"wp:attachment":[{"href":"https:\/\/secretofsamui.com\/fr\/wp-json\/wp\/v2\/media?parent=102799"}],"curies":[{"name":"wp","href":"https:\/\/api.w.org\/{rel}","templated":true}]}}